{"id":15956,"date":"2024-07-23T11:57:06","date_gmt":"2024-07-23T09:57:06","guid":{"rendered":"https:\/\/heteyssel.be\/?page_id=15956"},"modified":"2025-03-12T15:50:06","modified_gmt":"2025-03-12T14:50:06","slug":"online-portaal","status":"publish","type":"page","link":"https:\/\/heteyssel.be\/de\/online-portal\/","title":{"rendered":"Online-Portal"},"content":{"rendered":"<div data-elementor-type=\"wp-post\" data-elementor-id=\"15956\" class=\"elementor elementor-15956\" data-elementor-post-type=\"page\">\n\t\t\t\t<div class=\"elementor-element elementor-element-49740d8 e-con-full e-flex e-con e-parent\" data-id=\"49740d8\" data-element_type=\"container\" data-e-type=\"container\">\n\t\t\t\t<div class=\"elementor-element elementor-element-27ac50d elementor-widget elementor-widget-template\" data-id=\"27ac50d\" data-element_type=\"widget\" data-e-type=\"widget\" data-widget_type=\"template.default\">\n\t\t\t\t<div class=\"elementor-widget-container\">\n\t\t\t\t\t\t\t<div class=\"elementor-template\">\n\t\t\t\t\t<div data-elementor-type=\"container\" data-elementor-id=\"18761\" class=\"elementor elementor-18761\" data-elementor-post-type=\"elementor_library\">\n\t\t\t\t<div class=\"elementor-element elementor-element-697d426b e-flex e-con-boxed e-con e-parent\" data-id=\"697d426b\" data-element_type=\"container\" data-e-type=\"container\" data-settings=\"{&quot;background_background&quot;:&quot;classic&quot;}\">\n\t\t\t\t\t<div class=\"e-con-inner\">\n\t\t<div class=\"elementor-element elementor-element-6c8f7404 e-con-full e-flex e-con e-child\" data-id=\"6c8f7404\" data-element_type=\"container\" data-e-type=\"container\">\n\t\t<div class=\"elementor-element elementor-element-7e9d88d4 e-con-full e-flex e-con e-child\" data-id=\"7e9d88d4\" data-element_type=\"container\" data-e-type=\"container\">\n\t\t\t\t<div class=\"elementor-element elementor-element-5f02eb9 elementor-widget__width-initial elementor-widget elementor-widget-heading\" data-id=\"5f02eb9\" data-element_type=\"widget\" data-e-type=\"widget\" data-widget_type=\"heading.default\">\n\t\t\t\t<div class=\"elementor-widget-container\">\n\t\t\t\t\t<h1 class=\"elementor-heading-title elementor-size-default\">Online-Portal<\/h1>\t\t\t\t<\/div>\n\t\t\t\t<\/div>\n\t\t\t\t<div class=\"elementor-element elementor-element-1cfe5f5f elementor-icon-list--layout-inline elementor-list-item-link-full_width elementor-widget elementor-widget-icon-list\" data-id=\"1cfe5f5f\" data-element_type=\"widget\" data-e-type=\"widget\" data-widget_type=\"icon-list.default\">\n\t\t\t\t<div class=\"elementor-widget-container\">\n\t\t\t\t\t\t\t<ul class=\"elementor-icon-list-items elementor-inline-items\">\n\t\t\t\t\t\t\t<li class=\"elementor-icon-list-item elementor-inline-item\">\n\t\t\t\t\t\t\t\t\t\t\t<a href=\"https:\/\/heteyssel.be\/de\">\n\n\t\t\t\t\t\t\t\t\t\t\t<span class=\"elementor-icon-list-text\">Startseite<\/span>\n\t\t\t\t\t\t\t\t\t\t\t<\/a>\n\t\t\t\t\t\t\t\t\t<\/li>\n\t\t\t\t\t\t\t\t<li class=\"elementor-icon-list-item elementor-inline-item\">\n\t\t\t\t\t\t\t\t\t\t\t<span class=\"elementor-icon-list-icon\">\n\t\t\t\t\t\t\t<i aria-hidden=\"true\" class=\"fas fa-angle-double-right\"><\/i>\t\t\t\t\t\t<\/span>\n\t\t\t\t\t\t\t\t\t\t<span class=\"elementor-icon-list-text\">Online-Portal<\/span>\n\t\t\t\t\t\t\t\t\t<\/li>\n\t\t\t\t\t\t<\/ul>\n\t\t\t\t\t\t<\/div>\n\t\t\t\t<\/div>\n\t\t\t\t<\/div>\n\t\t\t\t<\/div>\n\t\t\t\t\t<\/div>\n\t\t\t\t<\/div>\n\t\t\t\t<\/div>\n\t\t\t\t<\/div>\n\t\t\t\t\t\t<\/div>\n\t\t\t\t<\/div>\n\t\t\t\t<\/div>\n\t\t<div class=\"elementor-element elementor-element-6cb0c8c e-flex e-con-boxed e-con e-parent\" data-id=\"6cb0c8c\" data-element_type=\"container\" data-e-type=\"container\">\n\t\t\t\t\t<div class=\"e-con-inner\">\n\t\t<div class=\"elementor-element elementor-element-2439a6c e-con-full e-flex e-con e-child\" data-id=\"2439a6c\" data-element_type=\"container\" data-e-type=\"container\">\n\t\t\t\t<div class=\"elementor-element elementor-element-91077fb elementor-widget elementor-widget-heading\" data-id=\"91077fb\" data-element_type=\"widget\" data-e-type=\"widget\" data-widget_type=\"heading.default\">\n\t\t\t\t<div class=\"elementor-widget-container\">\n\t\t\t\t\t<h2 class=\"elementor-heading-title elementor-size-default\">Online-Portal<\/h2>\t\t\t\t<\/div>\n\t\t\t\t<\/div>\n\t\t\t\t<div class=\"elementor-element elementor-element-137e694 elementor-widget elementor-widget-text-editor\" data-id=\"137e694\" data-element_type=\"widget\" data-e-type=\"widget\" data-widget_type=\"text-editor.default\">\n\t\t\t\t<div class=\"elementor-widget-container\">\n\t\t\t\t\t\t\t\t\t<p>Unser Lagerbestand ist immer verf\u00fcgbar, wann und wo Sie ihn brauchen, Sie k\u00f6nnen direkt Angebote anfordern oder Bestellungen aufgeben. Alles f\u00fcr Ihre Verwaltung auf Knopfdruck. Sie k\u00f6nnen den aktuellen Lagerbestand einsehen, Angebote anfordern und einsehen, Bestellungen aufgeben und verfolgen, Rechnungen und Frachtbriefe herunterladen, wo und wann Sie wollen, und haben alles f\u00fcr Ihre Verwaltung zur Hand<\/p>\t\t\t\t\t\t\t\t<\/div>\n\t\t\t\t<\/div>\n\t\t<div class=\"elementor-element elementor-element-eef262c e-con-full e-flex e-con e-child\" data-id=\"eef262c\" data-element_type=\"container\" data-e-type=\"container\">\n\t\t\t\t<div class=\"elementor-element elementor-element-171beaf elementor-mobile-align-justify elementor-widget-mobile__width-inherit elementor-widget elementor-widget-button\" data-id=\"171beaf\" data-element_type=\"widget\" data-e-type=\"widget\" data-widget_type=\"button.default\">\n\t\t\t\t<div class=\"elementor-widget-container\">\n\t\t\t\t\t\t\t\t\t<div class=\"elementor-button-wrapper\">\n\t\t\t\t\t<a class=\"elementor-button elementor-button-link elementor-size-sm\" href=\"https:\/\/heteyssel.be\/de\/login-anfrage\/\">\n\t\t\t\t\t\t<span class=\"elementor-button-content-wrapper\">\n\t\t\t\t\t\t\t\t\t<span class=\"elementor-button-text\">Anmeldung anfordern<\/span>\n\t\t\t\t\t<\/span>\n\t\t\t\t\t<\/a>\n\t\t\t\t<\/div>\n\t\t\t\t\t\t\t\t<\/div>\n\t\t\t\t<\/div>\n\t\t\t\t<div class=\"elementor-element elementor-element-a97446a elementor-mobile-align-justify elementor-widget-mobile__width-inherit elementor-widget elementor-widget-button\" data-id=\"a97446a\" data-element_type=\"widget\" data-e-type=\"widget\" data-widget_type=\"button.default\">\n\t\t\t\t<div class=\"elementor-widget-container\">\n\t\t\t\t\t\t\t\t\t<div class=\"elementor-button-wrapper\">\n\t\t\t\t\t<a class=\"elementor-button elementor-button-link elementor-size-sm\" href=\"https:\/\/groenvision.heteyssel.be\/solutions\/ng_portal\/index.html?argument=owner_id:5B35E4BB-BBDF-4BE5-ADDF-B27BD8BF5C15#login\" target=\"_blank\">\n\t\t\t\t\t\t<span class=\"elementor-button-content-wrapper\">\n\t\t\t\t\t\t\t\t\t<span class=\"elementor-button-text\">Zum Portal<\/span>\n\t\t\t\t\t<\/span>\n\t\t\t\t\t<\/a>\n\t\t\t\t<\/div>\n\t\t\t\t\t\t\t\t<\/div>\n\t\t\t\t<\/div>\n\t\t\t\t<\/div>\n\t\t\t\t<\/div>\n\t\t<div class=\"elementor-element elementor-element-3f87c73 e-con-full e-flex e-con e-child\" data-id=\"3f87c73\" data-element_type=\"container\" data-e-type=\"container\">\n\t\t\t\t<div class=\"elementor-element elementor-element-c72e629 elementor-widget elementor-widget-image\" data-id=\"c72e629\" data-element_type=\"widget\" data-e-type=\"widget\" data-widget_type=\"image.default\">\n\t\t\t\t<div class=\"elementor-widget-container\">\n\t\t\t\t\t\t\t\t\t\t\t\t\t\t\t<img fetchpriority=\"high\" decoding=\"async\" width=\"823\" height=\"589\" src=\"https:\/\/heteyssel.be\/wp-content\/uploads\/2025\/01\/Klantenportaal-img.2.jpg\" class=\"attachment-large size-large wp-image-19480\" alt=\"\" srcset=\"https:\/\/heteyssel.be\/wp-content\/uploads\/2025\/01\/Klantenportaal-img.2.jpg 823w, https:\/\/heteyssel.be\/wp-content\/uploads\/2025\/01\/Klantenportaal-img.2-300x215.jpg 300w, https:\/\/heteyssel.be\/wp-content\/uploads\/2025\/01\/Klantenportaal-img.2-768x550.jpg 768w\" sizes=\"(max-width: 823px) 100vw, 823px\" \/>\t\t\t\t\t\t\t\t\t\t\t\t\t\t\t<\/div>\n\t\t\t\t<\/div>\n\t\t\t\t<\/div>\n\t\t\t\t\t<\/div>\n\t\t\t\t<\/div>\n\t\t<div class=\"elementor-element elementor-element-0a2e07e e-flex e-con-boxed e-con e-parent\" data-id=\"0a2e07e\" data-element_type=\"container\" data-e-type=\"container\" data-settings=\"{&quot;background_background&quot;:&quot;gradient&quot;}\">\n\t\t\t\t\t<div class=\"e-con-inner\">\n\t\t\t\t<div class=\"elementor-element elementor-element-755b086 elementor-widget elementor-widget-heading\" data-id=\"755b086\" data-element_type=\"widget\" data-e-type=\"widget\" data-widget_type=\"heading.default\">\n\t\t\t\t<div class=\"elementor-widget-container\">\n\t\t\t\t\t<h3 class=\"elementor-heading-title elementor-size-default\">Interessieren Sie sich f\u00fcr unsere M\u00f6glichkeiten? Wir w\u00fcrden uns freuen, von Ihnen zu h\u00f6ren. <\/h3>\t\t\t\t<\/div>\n\t\t\t\t<\/div>\n\t\t\t\t<div class=\"elementor-element elementor-element-ac5d31a elementor-button-align-stretch elementor-widget elementor-widget-form\" data-id=\"ac5d31a\" data-element_type=\"widget\" data-e-type=\"widget\" data-settings=\"{&quot;step_next_label&quot;:&quot;Volgende&quot;,&quot;step_previous_label&quot;:&quot;Vorige&quot;,&quot;button_width&quot;:&quot;100&quot;,&quot;step_type&quot;:&quot;number_text&quot;,&quot;step_icon_shape&quot;:&quot;circle&quot;}\" data-widget_type=\"form.default\">\n\t\t\t\t<div class=\"elementor-widget-container\">\n\t\t\t\t\t\t\t<form class=\"elementor-form\" method=\"post\" name=\"Nieuw formulier\" aria-label=\"Neues Formular\" action=\"\">\n\t\t\t<input type=\"hidden\" name=\"post_id\" value=\"15956\"\/>\n\t\t\t<input type=\"hidden\" name=\"form_id\" value=\"ac5d31a\"\/>\n\t\t\t<input type=\"hidden\" name=\"referer_title\" value=\"Online Portaal - Vaste Plantenkwekerij Het Eyssel bv\" \/>\n\n\t\t\t\t\t\t\t<input type=\"hidden\" name=\"queried_id\" value=\"15956\"\/>\n\t\t\t\n\t\t\t<div class=\"elementor-form-fields-wrapper elementor-labels-\">\n\t\t\t\t\t\t\t\t<div class=\"elementor-field-type-text elementor-field-group elementor-column elementor-field-group-name elementor-col-50 elementor-field-required\">\n\t\t\t\t\t\t\t\t\t\t\t\t<label for=\"form-field-name\" class=\"elementor-field-label elementor-screen-only\">\n\t\t\t\t\t\t\t\tName\t\t\t\t\t\t\t<\/label>\n\t\t\t\t\t\t\t\t\t\t\t\t\t\t<input size=\"1\" type=\"text\" name=\"form_fields[name]\" id=\"form-field-name\" class=\"elementor-field elementor-size-lg  elementor-field-textual\" placeholder=\"Name\" required=\"required\">\n\t\t\t\t\t\t\t\t\t\t\t<\/div>\n\t\t\t\t\t\t\t\t<div class=\"elementor-field-type-text elementor-field-group elementor-column elementor-field-group-field_e8280b3 elementor-col-50 elementor-field-required\">\n\t\t\t\t\t\t\t\t\t\t\t\t<label for=\"form-field-field_e8280b3\" class=\"elementor-field-label elementor-screen-only\">\n\t\t\t\t\t\t\t\tUnternehmen\t\t\t\t\t\t\t<\/label>\n\t\t\t\t\t\t\t\t\t\t\t\t\t\t<input size=\"1\" type=\"text\" name=\"form_fields[field_e8280b3]\" id=\"form-field-field_e8280b3\" class=\"elementor-field elementor-size-lg  elementor-field-textual\" placeholder=\"Name des Unternehmens\" required=\"required\">\n\t\t\t\t\t\t\t\t\t\t\t<\/div>\n\t\t\t\t\t\t\t\t<div class=\"elementor-field-type-email elementor-field-group elementor-column elementor-field-group-email elementor-col-50 elementor-field-required\">\n\t\t\t\t\t\t\t\t\t\t\t\t<label for=\"form-field-email\" class=\"elementor-field-label elementor-screen-only\">\n\t\t\t\t\t\t\t\tE-Mail\t\t\t\t\t\t\t<\/label>\n\t\t\t\t\t\t\t\t\t\t\t\t\t\t<input size=\"1\" type=\"email\" name=\"form_fields[email]\" id=\"form-field-email\" class=\"elementor-field elementor-size-lg  elementor-field-textual\" placeholder=\"E-Mail\" required=\"required\">\n\t\t\t\t\t\t\t\t\t\t\t<\/div>\n\t\t\t\t\t\t\t\t<div class=\"elementor-field-type-text elementor-field-group elementor-column elementor-field-group-field_79401b9 elementor-col-50 elementor-field-required\">\n\t\t\t\t\t\t\t\t\t\t\t\t<label for=\"form-field-field_79401b9\" class=\"elementor-field-label elementor-screen-only\">\n\t\t\t\t\t\t\t\tThema\t\t\t\t\t\t\t<\/label>\n\t\t\t\t\t\t\t\t\t\t\t\t\t\t<input size=\"1\" type=\"text\" name=\"form_fields[field_79401b9]\" id=\"form-field-field_79401b9\" class=\"elementor-field elementor-size-lg  elementor-field-textual\" placeholder=\"Thema\" required=\"required\">\n\t\t\t\t\t\t\t\t\t\t\t<\/div>\n\t\t\t\t\t\t\t\t<div class=\"elementor-field-type-textarea elementor-field-group elementor-column elementor-field-group-message elementor-col-100\">\n\t\t\t\t\t\t\t\t\t\t\t\t<label for=\"form-field-message\" class=\"elementor-field-label elementor-screen-only\">\n\t\t\t\t\t\t\t\tAntwort oder Nachricht\t\t\t\t\t\t\t<\/label>\n\t\t\t\t\t\t<textarea class=\"elementor-field-textual elementor-field  elementor-size-lg\" name=\"form_fields[message]\" id=\"form-field-message\" rows=\"7\" placeholder=\"Antwort oder Nachricht\"><\/textarea>\t\t\t\t<\/div>\n\t\t\t\t\t\t\t\t<div class=\"elementor-field-type-recaptcha_v3 elementor-field-group elementor-column elementor-field-group-field_39c8549 elementor-col-100 recaptcha_v3-bottomright\">\n\t\t\t\t\t<div class=\"elementor-field\" id=\"form-field-field_39c8549\"><div class=\"elementor-g-recaptcha\" data-sitekey=\"6Ldx0ucqAAAAAHnS_PvFpweuFEdrt0ugpGQwmymg\" data-type=\"v3\" data-action=\"Form\" data-badge=\"bottomright\" data-size=\"invisible\"><\/div><\/div>\t\t\t\t<\/div>\n\t\t\t\t\t\t\t\t<div class=\"elementor-field-group elementor-column elementor-field-type-submit elementor-col-100 e-form__buttons\">\n\t\t\t\t\t<button class=\"elementor-button elementor-size-lg\" type=\"submit\">\n\t\t\t\t\t\t<span class=\"elementor-button-content-wrapper\">\n\t\t\t\t\t\t\t\t\t\t\t\t\t\t\t\t\t\t\t\t\t\t<span class=\"elementor-button-text\">Senden Sie<\/span>\n\t\t\t\t\t\t\t\t\t\t\t\t\t<\/span>\n\t\t\t\t\t<\/button>\n\t\t\t\t<\/div>\n\t\t\t<\/div>\n\t\t<input type=\"hidden\" name=\"trp-form-language\" value=\"de\"\/><\/form>\n\t\t\t\t\t\t<\/div>\n\t\t\t\t<\/div>\n\t\t\t\t\t<\/div>\n\t\t\t\t<\/div>\n\t\t\t\t<\/div>","protected":false},"excerpt":{"rendered":"<p>Online-Portal Unser Lagerbestand ist immer sichtbar, wo und wann Sie ihn brauchen, Sie k\u00f6nnen direkt Angebote einholen oder Bestellungen aufgeben. Alles f\u00fcr Ihre Verwaltung auf Knopfdruck. Sie k\u00f6nnen den aktuellen Lagerbestand einsehen, Angebote anfordern und einsehen, Auftr\u00e4ge erteilen und verfolgen, Rechnungen und Frachtbriefe herunterladen, wann und wo immer Sie wollen, und haben alles f\u00fcr Ihre Verwaltung zur Hand.<\/p>","protected":false},"author":414,"featured_media":0,"parent":0,"menu_order":0,"comment_status":"closed","ping_status":"closed","template":"","meta":{"site-sidebar-layout":"no-sidebar","site-content-layout":"page-builder","ast-site-content-layout":"full-width-container","site-content-style":"unboxed","site-sidebar-style":"unboxed","ast-global-header-display":"","ast-banner-title-visibility":"","ast-main-header-display":"","ast-hfb-above-header-display":"","ast-hfb-below-header-display":"","ast-hfb-mobile-header-display":"","site-post-title":"disabled","ast-breadcrumbs-content":"","ast-featured-img":"disabled","footer-sml-layout":"","ast-disable-related-posts":"","theme-transparent-header-meta":"enabled","adv-header-id-meta":"","stick-header-meta":"","header-above-stick-meta":"","header-main-stick-meta":"","header-below-stick-meta":"","astra-migrate-meta-layouts":"set","ast-page-background-enabled":"default","ast-page-background-meta":{"desktop":{"background-color":"","background-image":"","background-repeat":"repeat","background-position":"center center","background-size":"auto","background-attachment":"scroll","background-type":"","background-media":"","overlay-type":"","overlay-color":"","overlay-opacity":"","overlay-gradient":""},"tablet":{"background-color":"","background-image":"","background-repeat":"repeat","background-position":"center center","background-size":"auto","background-attachment":"scroll","background-type":"","background-media":"","overlay-type":"","overlay-color":"","overlay-opacity":"","overlay-gradient":""},"mobile":{"background-color":"","background-image":"","background-repeat":"repeat","background-position":"center center","background-size":"auto","background-attachment":"scroll","background-type":"","background-media":"","overlay-type":"","overlay-color":"","overlay-opacity":"","overlay-gradient":""}},"ast-content-background-meta":{"desktop":{"background-color":"var(--ast-global-color-5)","background-image":"","background-repeat":"repeat","background-position":"center center","background-size":"auto","background-attachment":"scroll","background-type":"","background-media":"","overlay-type":"","overlay-color":"","overlay-opacity":"","overlay-gradient":""},"tablet":{"background-color":"var(--ast-global-color-5)","background-image":"","background-repeat":"repeat","background-position":"center center","background-size":"auto","background-attachment":"scroll","background-type":"","background-media":"","overlay-type":"","overlay-color":"","overlay-opacity":"","overlay-gradient":""},"mobile":{"background-color":"var(--ast-global-color-5)","background-image":"","background-repeat":"repeat","background-position":"center center","background-size":"auto","background-attachment":"scroll","background-type":"","background-media":"","overlay-type":"","overlay-color":"","overlay-opacity":"","overlay-gradient":""}},"footnotes":""},"class_list":["post-15956","page","type-page","status-publish","hentry"],"yoast_head":"<!-- This site is optimized with the Yoast SEO plugin v27.3 - https:\/\/yoast.com\/product\/yoast-seo-wordpress\/ -->\n<title>Online Portaal - Vaste Plantenkwekerij Het Eyssel bv<\/title>\n<meta name=\"robots\" content=\"index, follow, max-snippet:-1, max-image-preview:large, max-video-preview:-1\" \/>\n<link rel=\"canonical\" href=\"https:\/\/heteyssel.be\/de\/online-portal\/\" \/>\n<meta property=\"og:locale\" content=\"de_DE\" \/>\n<meta property=\"og:type\" content=\"article\" \/>\n<meta property=\"og:title\" content=\"Online Portaal - Vaste Plantenkwekerij Het Eyssel bv\" \/>\n<meta property=\"og:description\" content=\"Online portaal Onze voorraad steeds inzichtelijk waar en wanneer u dit wilt, direct offertes aanvragen of bestellingen plaatsen. Alles voor uw administratie binnen handbereik. U kunt waar en wanneer u wilt de actuele voorraad bekijken, offertes aanvragen &amp; inzien, bestellingen plaatsen &amp; volgen, facturen &amp; vrachtbrieven downloaden en alles voor uw administratie heeft u binnen [&hellip;]\" \/>\n<meta property=\"og:url\" content=\"https:\/\/heteyssel.be\/de\/online-portal\/\" \/>\n<meta property=\"og:site_name\" content=\"Vaste Plantenkwekerij Het Eyssel bv\" \/>\n<meta property=\"article:modified_time\" content=\"2025-03-12T14:50:06+00:00\" \/>\n<meta property=\"og:image\" content=\"https:\/\/heteyssel.be\/wp-content\/uploads\/2025\/01\/Klantenportaal-img.2.jpg\" \/>\n\t<meta property=\"og:image:width\" content=\"823\" \/>\n\t<meta property=\"og:image:height\" content=\"589\" \/>\n\t<meta property=\"og:image:type\" content=\"image\/jpeg\" \/>\n<meta name=\"twitter:card\" content=\"summary_large_image\" \/>\n<meta name=\"twitter:label1\" content=\"Gesch\u00e4tzte Lesezeit\" \/>\n\t<meta name=\"twitter:data1\" content=\"1\u00a0Minute\" \/>\n<script type=\"application\/ld+json\" class=\"yoast-schema-graph\">{\"@context\":\"https:\\\/\\\/schema.org\",\"@graph\":[{\"@type\":\"WebPage\",\"@id\":\"https:\\\/\\\/heteyssel.be\\\/online-portaal\\\/\",\"url\":\"https:\\\/\\\/heteyssel.be\\\/online-portaal\\\/\",\"name\":\"Online Portaal - Vaste Plantenkwekerij Het Eyssel bv\",\"isPartOf\":{\"@id\":\"https:\\\/\\\/heteyssel.be\\\/#website\"},\"primaryImageOfPage\":{\"@id\":\"https:\\\/\\\/heteyssel.be\\\/online-portaal\\\/#primaryimage\"},\"image\":{\"@id\":\"https:\\\/\\\/heteyssel.be\\\/online-portaal\\\/#primaryimage\"},\"thumbnailUrl\":\"https:\\\/\\\/heteyssel.be\\\/wp-content\\\/uploads\\\/2025\\\/01\\\/Klantenportaal-img.2.jpg\",\"datePublished\":\"2024-07-23T09:57:06+00:00\",\"dateModified\":\"2025-03-12T14:50:06+00:00\",\"breadcrumb\":{\"@id\":\"https:\\\/\\\/heteyssel.be\\\/online-portaal\\\/#breadcrumb\"},\"inLanguage\":\"de\",\"potentialAction\":[{\"@type\":\"ReadAction\",\"target\":[\"https:\\\/\\\/heteyssel.be\\\/online-portaal\\\/\"]}]},{\"@type\":\"ImageObject\",\"inLanguage\":\"de\",\"@id\":\"https:\\\/\\\/heteyssel.be\\\/online-portaal\\\/#primaryimage\",\"url\":\"https:\\\/\\\/heteyssel.be\\\/wp-content\\\/uploads\\\/2025\\\/01\\\/Klantenportaal-img.2.jpg\",\"contentUrl\":\"https:\\\/\\\/heteyssel.be\\\/wp-content\\\/uploads\\\/2025\\\/01\\\/Klantenportaal-img.2.jpg\"},{\"@type\":\"BreadcrumbList\",\"@id\":\"https:\\\/\\\/heteyssel.be\\\/online-portaal\\\/#breadcrumb\",\"itemListElement\":[{\"@type\":\"ListItem\",\"position\":1,\"name\":\"Home\",\"item\":\"https:\\\/\\\/heteyssel.be\\\/\"},{\"@type\":\"ListItem\",\"position\":2,\"name\":\"Online Portaal\"}]},{\"@type\":\"WebSite\",\"@id\":\"https:\\\/\\\/heteyssel.be\\\/#website\",\"url\":\"https:\\\/\\\/heteyssel.be\\\/\",\"name\":\"Vaste Plantenkwekerij Het Eyssel bv\",\"description\":\"Focus on Quality\",\"publisher\":{\"@id\":\"https:\\\/\\\/heteyssel.be\\\/#organization\"},\"potentialAction\":[{\"@type\":\"SearchAction\",\"target\":{\"@type\":\"EntryPoint\",\"urlTemplate\":\"https:\\\/\\\/heteyssel.be\\\/?s={search_term_string}\"},\"query-input\":{\"@type\":\"PropertyValueSpecification\",\"valueRequired\":true,\"valueName\":\"search_term_string\"}}],\"inLanguage\":\"de\"},{\"@type\":\"Organization\",\"@id\":\"https:\\\/\\\/heteyssel.be\\\/#organization\",\"name\":\"Vaste Plantenkwekerij Het Eyssel bv\",\"url\":\"https:\\\/\\\/heteyssel.be\\\/\",\"logo\":{\"@type\":\"ImageObject\",\"inLanguage\":\"de\",\"@id\":\"https:\\\/\\\/heteyssel.be\\\/#\\\/schema\\\/logo\\\/image\\\/\",\"url\":\"https:\\\/\\\/heteyssel.be\\\/wp-content\\\/uploads\\\/2024\\\/07\\\/Logo-eyssel-zonder-achtergrond.png\",\"contentUrl\":\"https:\\\/\\\/heteyssel.be\\\/wp-content\\\/uploads\\\/2024\\\/07\\\/Logo-eyssel-zonder-achtergrond.png\",\"width\":1224,\"height\":521,\"caption\":\"Vaste Plantenkwekerij Het Eyssel bv\"},\"image\":{\"@id\":\"https:\\\/\\\/heteyssel.be\\\/#\\\/schema\\\/logo\\\/image\\\/\"}}]}<\/script>\n<!-- \/ Yoast SEO plugin. -->","yoast_head_json":{"title":"Online Portaal - Vaste Plantenkwekerij Het Eyssel bv","robots":{"index":"index","follow":"follow","max-snippet":"max-snippet:-1","max-image-preview":"max-image-preview:large","max-video-preview":"max-video-preview:-1"},"canonical":"https:\/\/heteyssel.be\/de\/online-portal\/","og_locale":"de_DE","og_type":"article","og_title":"Online Portaal - Vaste Plantenkwekerij Het Eyssel bv","og_description":"Online portaal Onze voorraad steeds inzichtelijk waar en wanneer u dit wilt, direct offertes aanvragen of bestellingen plaatsen. Alles voor uw administratie binnen handbereik. U kunt waar en wanneer u wilt de actuele voorraad bekijken, offertes aanvragen &amp; inzien, bestellingen plaatsen &amp; volgen, facturen &amp; vrachtbrieven downloaden en alles voor uw administratie heeft u binnen [&hellip;]","og_url":"https:\/\/heteyssel.be\/de\/online-portal\/","og_site_name":"Vaste Plantenkwekerij Het Eyssel bv","article_modified_time":"2025-03-12T14:50:06+00:00","og_image":[{"width":823,"height":589,"url":"https:\/\/heteyssel.be\/wp-content\/uploads\/2025\/01\/Klantenportaal-img.2.jpg","type":"image\/jpeg"}],"twitter_card":"summary_large_image","twitter_misc":{"Gesch\u00e4tzte Lesezeit":"1\u00a0Minute"},"schema":{"@context":"https:\/\/schema.org","@graph":[{"@type":"WebPage","@id":"https:\/\/heteyssel.be\/online-portaal\/","url":"https:\/\/heteyssel.be\/online-portaal\/","name":"Online Portaal - Vaste Plantenkwekerij Het Eyssel bv","isPartOf":{"@id":"https:\/\/heteyssel.be\/#website"},"primaryImageOfPage":{"@id":"https:\/\/heteyssel.be\/online-portaal\/#primaryimage"},"image":{"@id":"https:\/\/heteyssel.be\/online-portaal\/#primaryimage"},"thumbnailUrl":"https:\/\/heteyssel.be\/wp-content\/uploads\/2025\/01\/Klantenportaal-img.2.jpg","datePublished":"2024-07-23T09:57:06+00:00","dateModified":"2025-03-12T14:50:06+00:00","breadcrumb":{"@id":"https:\/\/heteyssel.be\/online-portaal\/#breadcrumb"},"inLanguage":"de","potentialAction":[{"@type":"ReadAction","target":["https:\/\/heteyssel.be\/online-portaal\/"]}]},{"@type":"ImageObject","inLanguage":"de","@id":"https:\/\/heteyssel.be\/online-portaal\/#primaryimage","url":"https:\/\/heteyssel.be\/wp-content\/uploads\/2025\/01\/Klantenportaal-img.2.jpg","contentUrl":"https:\/\/heteyssel.be\/wp-content\/uploads\/2025\/01\/Klantenportaal-img.2.jpg"},{"@type":"BreadcrumbList","@id":"https:\/\/heteyssel.be\/online-portaal\/#breadcrumb","itemListElement":[{"@type":"ListItem","position":1,"name":"Home","item":"https:\/\/heteyssel.be\/"},{"@type":"ListItem","position":2,"name":"Online Portaal"}]},{"@type":"WebSite","@id":"https:\/\/heteyssel.be\/#website","url":"https:\/\/heteyssel.be\/","name":"Vaste Plantenkwekerij Het Eyssel bv","description":"Focus on Quality","publisher":{"@id":"https:\/\/heteyssel.be\/#organization"},"potentialAction":[{"@type":"SearchAction","target":{"@type":"EntryPoint","urlTemplate":"https:\/\/heteyssel.be\/?s={search_term_string}"},"query-input":{"@type":"PropertyValueSpecification","valueRequired":true,"valueName":"search_term_string"}}],"inLanguage":"de"},{"@type":"Organization","@id":"https:\/\/heteyssel.be\/#organization","name":"Vaste Plantenkwekerij Het Eyssel bv","url":"https:\/\/heteyssel.be\/","logo":{"@type":"ImageObject","inLanguage":"de","@id":"https:\/\/heteyssel.be\/#\/schema\/logo\/image\/","url":"https:\/\/heteyssel.be\/wp-content\/uploads\/2024\/07\/Logo-eyssel-zonder-achtergrond.png","contentUrl":"https:\/\/heteyssel.be\/wp-content\/uploads\/2024\/07\/Logo-eyssel-zonder-achtergrond.png","width":1224,"height":521,"caption":"Vaste Plantenkwekerij Het Eyssel bv"},"image":{"@id":"https:\/\/heteyssel.be\/#\/schema\/logo\/image\/"}}]}},"_links":{"self":[{"href":"https:\/\/heteyssel.be\/de\/wp-json\/wp\/v2\/pages\/15956","targetHints":{"allow":["GET"]}}],"collection":[{"href":"https:\/\/heteyssel.be\/de\/wp-json\/wp\/v2\/pages"}],"about":[{"href":"https:\/\/heteyssel.be\/de\/wp-json\/wp\/v2\/types\/page"}],"author":[{"embeddable":true,"href":"https:\/\/heteyssel.be\/de\/wp-json\/wp\/v2\/users\/414"}],"replies":[{"embeddable":true,"href":"https:\/\/heteyssel.be\/de\/wp-json\/wp\/v2\/comments?post=15956"}],"version-history":[{"count":175,"href":"https:\/\/heteyssel.be\/de\/wp-json\/wp\/v2\/pages\/15956\/revisions"}],"predecessor-version":[{"id":20023,"href":"https:\/\/heteyssel.be\/de\/wp-json\/wp\/v2\/pages\/15956\/revisions\/20023"}],"wp:attachment":[{"href":"https:\/\/heteyssel.be\/de\/wp-json\/wp\/v2\/media?parent=15956"}],"curies":[{"name":"wp","href":"https:\/\/api.w.org\/{rel}","templated":true}]}}