{"id":17216,"date":"2024-09-16T17:03:26","date_gmt":"2024-09-16T15:03:26","guid":{"rendered":"https:\/\/heteyssel.be\/?page_id=17216"},"modified":"2025-02-03T08:29:04","modified_gmt":"2025-02-03T07:29:04","slug":"feestdagen","status":"publish","type":"page","link":"https:\/\/heteyssel.be\/de\/ferien\/","title":{"rendered":"Feiertage"},"content":{"rendered":"<div data-elementor-type=\"wp-page\" data-elementor-id=\"17216\" class=\"elementor elementor-17216\" data-elementor-post-type=\"page\">\n\t\t\t\t<div class=\"elementor-element elementor-element-5aed2d6 e-con-full e-flex e-con e-parent\" data-id=\"5aed2d6\" data-element_type=\"container\" data-e-type=\"container\">\n\t\t\t\t<div class=\"elementor-element elementor-element-43b20a9 elementor-widget elementor-widget-template\" data-id=\"43b20a9\" data-element_type=\"widget\" data-e-type=\"widget\" data-widget_type=\"template.default\">\n\t\t\t\t<div class=\"elementor-widget-container\">\n\t\t\t\t\t\t\t<div class=\"elementor-template\">\n\t\t\t\t\t<div data-elementor-type=\"container\" data-elementor-id=\"18761\" class=\"elementor elementor-18761\" data-elementor-post-type=\"elementor_library\">\n\t\t\t\t<div class=\"elementor-element elementor-element-697d426b e-flex e-con-boxed e-con e-parent\" data-id=\"697d426b\" data-element_type=\"container\" data-e-type=\"container\" data-settings=\"{&quot;background_background&quot;:&quot;classic&quot;}\">\n\t\t\t\t\t<div class=\"e-con-inner\">\n\t\t<div class=\"elementor-element elementor-element-6c8f7404 e-con-full e-flex e-con e-child\" data-id=\"6c8f7404\" data-element_type=\"container\" data-e-type=\"container\">\n\t\t<div class=\"elementor-element elementor-element-7e9d88d4 e-con-full e-flex e-con e-child\" data-id=\"7e9d88d4\" data-element_type=\"container\" data-e-type=\"container\">\n\t\t\t\t<div class=\"elementor-element elementor-element-5f02eb9 elementor-widget__width-initial elementor-widget elementor-widget-heading\" data-id=\"5f02eb9\" data-element_type=\"widget\" data-e-type=\"widget\" data-widget_type=\"heading.default\">\n\t\t\t\t<div class=\"elementor-widget-container\">\n\t\t\t\t\t<h1 class=\"elementor-heading-title elementor-size-default\">Feiertage<\/h1>\t\t\t\t<\/div>\n\t\t\t\t<\/div>\n\t\t\t\t<div class=\"elementor-element elementor-element-1cfe5f5f elementor-icon-list--layout-inline elementor-list-item-link-full_width elementor-widget elementor-widget-icon-list\" data-id=\"1cfe5f5f\" data-element_type=\"widget\" data-e-type=\"widget\" data-widget_type=\"icon-list.default\">\n\t\t\t\t<div class=\"elementor-widget-container\">\n\t\t\t\t\t\t\t<ul class=\"elementor-icon-list-items elementor-inline-items\">\n\t\t\t\t\t\t\t<li class=\"elementor-icon-list-item elementor-inline-item\">\n\t\t\t\t\t\t\t\t\t\t\t<a href=\"https:\/\/heteyssel.be\/de\">\n\n\t\t\t\t\t\t\t\t\t\t\t<span class=\"elementor-icon-list-text\">Startseite<\/span>\n\t\t\t\t\t\t\t\t\t\t\t<\/a>\n\t\t\t\t\t\t\t\t\t<\/li>\n\t\t\t\t\t\t\t\t<li class=\"elementor-icon-list-item elementor-inline-item\">\n\t\t\t\t\t\t\t\t\t\t\t<span class=\"elementor-icon-list-icon\">\n\t\t\t\t\t\t\t<i aria-hidden=\"true\" class=\"fas fa-angle-double-right\"><\/i>\t\t\t\t\t\t<\/span>\n\t\t\t\t\t\t\t\t\t\t<span class=\"elementor-icon-list-text\">Feiertage<\/span>\n\t\t\t\t\t\t\t\t\t<\/li>\n\t\t\t\t\t\t<\/ul>\n\t\t\t\t\t\t<\/div>\n\t\t\t\t<\/div>\n\t\t\t\t<\/div>\n\t\t\t\t<\/div>\n\t\t\t\t\t<\/div>\n\t\t\t\t<\/div>\n\t\t\t\t<\/div>\n\t\t\t\t<\/div>\n\t\t\t\t\t\t<\/div>\n\t\t\t\t<\/div>\n\t\t\t\t<\/div>\n\t\t<div class=\"elementor-element elementor-element-dd21932 e-flex e-con-boxed e-con e-parent\" data-id=\"dd21932\" data-element_type=\"container\" data-e-type=\"container\">\n\t\t\t\t\t<div class=\"e-con-inner\">\n\t\t<div class=\"elementor-element elementor-element-9bc8913 e-con-full e-flex e-con e-child\" data-id=\"9bc8913\" data-element_type=\"container\" data-e-type=\"container\">\n\t\t\t\t<div class=\"elementor-element elementor-element-e44599c elementor-widget elementor-widget-text-editor\" data-id=\"e44599c\" data-element_type=\"widget\" data-e-type=\"widget\" data-widget_type=\"text-editor.default\">\n\t\t\t\t<div class=\"elementor-widget-container\">\n\t\t\t\t\t\t\t\t\t<h3>Feiertage in den Niederlanden und in Belgien: Wichtig zu wissen<\/h3><p>Die gesetzlichen Feiertage in Belgien und den Niederlanden k\u00f6nnen sich manchmal unterscheiden. Da wir in Belgien ans\u00e4ssig sind, verwenden wir die belgischen Feiertage als unsere Schlie\u00dftage. Das kann f\u00fcr unsere niederl\u00e4ndischen Kunden manchmal verwirrend sein, vor allem wenn wir an einem belgischen Feiertag geschlossen haben, w\u00e4hrend es in den Niederlanden keinen Feiertag gibt. Umgekehrt kann es aber auch vorkommen, dass wir an einem niederl\u00e4ndischen Feiertag ge\u00f6ffnet sind.<br \/>Nachstehend finden Sie eine \u00dcbersicht \u00fcber die Feiertage in den Niederlanden und in Belgien. So k\u00f6nnen Sie leicht sehen, wann wir ge\u00f6ffnet oder geschlossen sind, und Ihre Planung entsprechend anpassen.<\/p><h4>\u00dcbersicht \u00fcber die Feiertage in Belgien<\/h4><table><tbody><tr><td><p><b>Neujahrstag:<\/b><span style=\"font-weight: 400;\"> 1. Januar<\/span><\/p><\/td><\/tr><tr><td><p><b>Ostern:<\/b><span style=\"font-weight: 400;\"> Ostersonntag und Ostermontag<\/span><\/p><\/td><\/tr><tr><td><p><b>Tag der Arbeit:<\/b><span style=\"font-weight: 400;\"> 1. Mai<\/span><\/p><\/td><\/tr><tr><td><p><b>Unsere Liebe Frau Himmelfahrt:<\/b><span style=\"font-weight: 400;\"> 40 Tage nach Ostern<\/span><\/p><\/td><\/tr><tr><td><p><b>Pfingsten:<\/b><span style=\"font-weight: 400;\"> Pfingstsonntag und Pfingstmontag<\/span><\/p><\/td><\/tr><tr><td><p><b>Nationaler Feiertag:<\/b><span style=\"font-weight: 400;\"> 21. Juli<\/span><\/p><\/td><\/tr><tr><td><p><b>Mari\u00e4 Himmelfahrt:<\/b><span style=\"font-weight: 400;\"> 15. August<\/span><\/p><\/td><\/tr><tr><td><p><b>Allerheiligen:<\/b><span style=\"font-weight: 400;\"> 1. November<\/span><\/p><\/td><\/tr><tr><td><p><b>Waffenstillstand:<\/b><span style=\"font-weight: 400;\"> 11. November<\/span><\/p><\/td><\/tr><tr><td><p><b>Weihnachten:<\/b><span style=\"font-weight: 400;\"> 25. Dezember<\/span><\/p><\/td><\/tr><\/tbody><\/table><h4>\u00dcbersicht \u00fcber die gesetzlichen Feiertage in den Niederlanden<\/h4><table><tbody><tr><td><p><b>Neujahrstag:<\/b><span style=\"font-weight: 400;\"> 1. Januar<\/span><\/p><\/td><\/tr><tr><td><p><b>Karfreitag:<\/b><span style=\"font-weight: 400;\"> Freitag vor Ostern<\/span><\/p><\/td><\/tr><tr><td><p><b>Ostern:<\/b><span style=\"font-weight: 400;\"> Ostersonntag und Ostermontag<\/span><\/p><\/td><\/tr><tr><td><p><b>Der K\u00f6nigstag:<\/b><span style=\"font-weight: 400;\"> 27. April<\/span><\/p><\/td><\/tr><tr><td><p><b>Tag der Befreiung:<\/b><span style=\"font-weight: 400;\"> 5. Mai (einmal alle 5 Jahre ein Feiertag)<\/span><\/p><\/td><\/tr><tr><td><p><b>Himmelfahrt:<\/b><span style=\"font-weight: 400;\"> 40 Tage nach Ostern<\/span><\/p><\/td><\/tr><tr><td><p><b>Pfingsten:<\/b><span style=\"font-weight: 400;\"> Pfingstsonntag und Pfingstmontag<\/span><\/p><\/td><\/tr><tr><td><p><b>Weihnachten:<\/b><span style=\"font-weight: 400;\"> Weihnachtsfeiertag und zweiter Weihnachtsfeiertag (25. und 26. Dezember)<\/span><\/p><\/td><\/tr><\/tbody><\/table><p><span style=\"font-weight: 400;\">Haben Sie Fragen oder w\u00fcnschen Sie weitere Informationen \u00fcber unsere \u00d6ffnungszeiten? Kontaktieren Sie uns einfach!<\/span><\/p>\t\t\t\t\t\t\t\t<\/div>\n\t\t\t\t<\/div>\n\t\t\t\t<\/div>\n\t\t\t\t\t<\/div>\n\t\t\t\t<\/div>\n\t\t\t\t<\/div>","protected":false},"excerpt":{"rendered":"<p>Feiertage in den Niederlanden und Belgien: Wichtig zu wissen Die Feiertage in Belgien und den Niederlanden k\u00f6nnen sich manchmal unterscheiden. Da wir in Belgien ans\u00e4ssig sind, verwenden wir die belgischen Feiertage als unsere Schlie\u00dftage. Das kann f\u00fcr unsere niederl\u00e4ndischen Kunden manchmal verwirrend sein, vor allem, wenn wir an einem belgischen Feiertag geschlossen haben, w\u00e4hrend es in den Niederlanden keinen Feiertag gibt. [...]<\/p>","protected":false},"author":414,"featured_media":0,"parent":0,"menu_order":0,"comment_status":"closed","ping_status":"closed","template":"","meta":{"site-sidebar-layout":"no-sidebar","site-content-layout":"page-builder","ast-site-content-layout":"full-width-container","site-content-style":"default","site-sidebar-style":"default","ast-global-header-display":"","ast-banner-title-visibility":"","ast-main-header-display":"","ast-hfb-above-header-display":"","ast-hfb-below-header-display":"","ast-hfb-mobile-header-display":"","site-post-title":"disabled","ast-breadcrumbs-content":"","ast-featured-img":"disabled","footer-sml-layout":"","ast-disable-related-posts":"","theme-transparent-header-meta":"","adv-header-id-meta":"","stick-header-meta":"","header-above-stick-meta":"","header-main-stick-meta":"","header-below-stick-meta":"","astra-migrate-meta-layouts":"set","ast-page-background-enabled":"default","ast-page-background-meta":{"desktop":{"background-color":"","background-image":"","background-repeat":"repeat","background-position":"center center","background-size":"auto","background-attachment":"scroll","background-type":"","background-media":"","overlay-type":"","overlay-color":"","overlay-opacity":"","overlay-gradient":""},"tablet":{"background-color":"","background-image":"","background-repeat":"repeat","background-position":"center center","background-size":"auto","background-attachment":"scroll","background-type":"","background-media":"","overlay-type":"","overlay-color":"","overlay-opacity":"","overlay-gradient":""},"mobile":{"background-color":"","background-image":"","background-repeat":"repeat","background-position":"center center","background-size":"auto","background-attachment":"scroll","background-type":"","background-media":"","overlay-type":"","overlay-color":"","overlay-opacity":"","overlay-gradient":""}},"ast-content-background-meta":{"desktop":{"background-color":"var(--ast-global-color-5)","background-image":"","background-repeat":"repeat","background-position":"center center","background-size":"auto","background-attachment":"scroll","background-type":"","background-media":"","overlay-type":"","overlay-color":"","overlay-opacity":"","overlay-gradient":""},"tablet":{"background-color":"var(--ast-global-color-5)","background-image":"","background-repeat":"repeat","background-position":"center center","background-size":"auto","background-attachment":"scroll","background-type":"","background-media":"","overlay-type":"","overlay-color":"","overlay-opacity":"","overlay-gradient":""},"mobile":{"background-color":"var(--ast-global-color-5)","background-image":"","background-repeat":"repeat","background-position":"center center","background-size":"auto","background-attachment":"scroll","background-type":"","background-media":"","overlay-type":"","overlay-color":"","overlay-opacity":"","overlay-gradient":""}},"footnotes":""},"class_list":["post-17216","page","type-page","status-publish","hentry"],"yoast_head":"<!-- This site is optimized with the Yoast SEO plugin v27.3 - https:\/\/yoast.com\/product\/yoast-seo-wordpress\/ -->\n<title>Feestdagen - Vaste Plantenkwekerij Het Eyssel bv<\/title>\n<meta name=\"robots\" content=\"index, follow, max-snippet:-1, max-image-preview:large, max-video-preview:-1\" \/>\n<link rel=\"canonical\" href=\"https:\/\/heteyssel.be\/de\/ferien\/\" \/>\n<meta property=\"og:locale\" content=\"de_DE\" \/>\n<meta property=\"og:type\" content=\"article\" \/>\n<meta property=\"og:title\" content=\"Feestdagen - Vaste Plantenkwekerij Het Eyssel bv\" \/>\n<meta property=\"og:description\" content=\"Feestdagen in Nederland en Belgi\u00eb: Belangrijk om te weten De feestdagen in Belgi\u00eb en Nederland kunnen soms verschillen. Omdat wij gevestigd zijn in Belgi\u00eb, hanteren wij de Belgische feestdagen als sluitingsdagen. Voor onze Nederlandse klanten kan dit soms verwarrend zijn, vooral wanneer wij gesloten zijn op een Belgische feestdag terwijl in Nederland geen feestdag is. [&hellip;]\" \/>\n<meta property=\"og:url\" content=\"https:\/\/heteyssel.be\/de\/ferien\/\" \/>\n<meta property=\"og:site_name\" content=\"Vaste Plantenkwekerij Het Eyssel bv\" \/>\n<meta property=\"article:modified_time\" content=\"2025-02-03T07:29:04+00:00\" \/>\n<meta name=\"twitter:card\" content=\"summary_large_image\" \/>\n<meta name=\"twitter:label1\" content=\"Gesch\u00e4tzte Lesezeit\" \/>\n\t<meta name=\"twitter:data1\" content=\"2\u00a0Minuten\" \/>\n<script type=\"application\/ld+json\" class=\"yoast-schema-graph\">{\"@context\":\"https:\\\/\\\/schema.org\",\"@graph\":[{\"@type\":\"WebPage\",\"@id\":\"https:\\\/\\\/heteyssel.be\\\/feestdagen\\\/\",\"url\":\"https:\\\/\\\/heteyssel.be\\\/feestdagen\\\/\",\"name\":\"Feestdagen - Vaste Plantenkwekerij Het Eyssel bv\",\"isPartOf\":{\"@id\":\"https:\\\/\\\/heteyssel.be\\\/#website\"},\"datePublished\":\"2024-09-16T15:03:26+00:00\",\"dateModified\":\"2025-02-03T07:29:04+00:00\",\"breadcrumb\":{\"@id\":\"https:\\\/\\\/heteyssel.be\\\/feestdagen\\\/#breadcrumb\"},\"inLanguage\":\"de\",\"potentialAction\":[{\"@type\":\"ReadAction\",\"target\":[\"https:\\\/\\\/heteyssel.be\\\/feestdagen\\\/\"]}]},{\"@type\":\"BreadcrumbList\",\"@id\":\"https:\\\/\\\/heteyssel.be\\\/feestdagen\\\/#breadcrumb\",\"itemListElement\":[{\"@type\":\"ListItem\",\"position\":1,\"name\":\"Home\",\"item\":\"https:\\\/\\\/heteyssel.be\\\/\"},{\"@type\":\"ListItem\",\"position\":2,\"name\":\"Feestdagen\"}]},{\"@type\":\"WebSite\",\"@id\":\"https:\\\/\\\/heteyssel.be\\\/#website\",\"url\":\"https:\\\/\\\/heteyssel.be\\\/\",\"name\":\"Vaste Plantenkwekerij Het Eyssel bv\",\"description\":\"Focus on Quality\",\"publisher\":{\"@id\":\"https:\\\/\\\/heteyssel.be\\\/#organization\"},\"potentialAction\":[{\"@type\":\"SearchAction\",\"target\":{\"@type\":\"EntryPoint\",\"urlTemplate\":\"https:\\\/\\\/heteyssel.be\\\/?s={search_term_string}\"},\"query-input\":{\"@type\":\"PropertyValueSpecification\",\"valueRequired\":true,\"valueName\":\"search_term_string\"}}],\"inLanguage\":\"de\"},{\"@type\":\"Organization\",\"@id\":\"https:\\\/\\\/heteyssel.be\\\/#organization\",\"name\":\"Vaste Plantenkwekerij Het Eyssel bv\",\"url\":\"https:\\\/\\\/heteyssel.be\\\/\",\"logo\":{\"@type\":\"ImageObject\",\"inLanguage\":\"de\",\"@id\":\"https:\\\/\\\/heteyssel.be\\\/#\\\/schema\\\/logo\\\/image\\\/\",\"url\":\"https:\\\/\\\/heteyssel.be\\\/wp-content\\\/uploads\\\/2024\\\/07\\\/Logo-eyssel-zonder-achtergrond.png\",\"contentUrl\":\"https:\\\/\\\/heteyssel.be\\\/wp-content\\\/uploads\\\/2024\\\/07\\\/Logo-eyssel-zonder-achtergrond.png\",\"width\":1224,\"height\":521,\"caption\":\"Vaste Plantenkwekerij Het Eyssel bv\"},\"image\":{\"@id\":\"https:\\\/\\\/heteyssel.be\\\/#\\\/schema\\\/logo\\\/image\\\/\"}}]}<\/script>\n<!-- \/ Yoast SEO plugin. -->","yoast_head_json":{"title":"Feestdagen - Vaste Plantenkwekerij Het Eyssel bv","robots":{"index":"index","follow":"follow","max-snippet":"max-snippet:-1","max-image-preview":"max-image-preview:large","max-video-preview":"max-video-preview:-1"},"canonical":"https:\/\/heteyssel.be\/de\/ferien\/","og_locale":"de_DE","og_type":"article","og_title":"Feestdagen - Vaste Plantenkwekerij Het Eyssel bv","og_description":"Feestdagen in Nederland en Belgi\u00eb: Belangrijk om te weten De feestdagen in Belgi\u00eb en Nederland kunnen soms verschillen. Omdat wij gevestigd zijn in Belgi\u00eb, hanteren wij de Belgische feestdagen als sluitingsdagen. Voor onze Nederlandse klanten kan dit soms verwarrend zijn, vooral wanneer wij gesloten zijn op een Belgische feestdag terwijl in Nederland geen feestdag is. [&hellip;]","og_url":"https:\/\/heteyssel.be\/de\/ferien\/","og_site_name":"Vaste Plantenkwekerij Het Eyssel bv","article_modified_time":"2025-02-03T07:29:04+00:00","twitter_card":"summary_large_image","twitter_misc":{"Gesch\u00e4tzte Lesezeit":"2\u00a0Minuten"},"schema":{"@context":"https:\/\/schema.org","@graph":[{"@type":"WebPage","@id":"https:\/\/heteyssel.be\/feestdagen\/","url":"https:\/\/heteyssel.be\/feestdagen\/","name":"Feestdagen - Vaste Plantenkwekerij Het Eyssel bv","isPartOf":{"@id":"https:\/\/heteyssel.be\/#website"},"datePublished":"2024-09-16T15:03:26+00:00","dateModified":"2025-02-03T07:29:04+00:00","breadcrumb":{"@id":"https:\/\/heteyssel.be\/feestdagen\/#breadcrumb"},"inLanguage":"de","potentialAction":[{"@type":"ReadAction","target":["https:\/\/heteyssel.be\/feestdagen\/"]}]},{"@type":"BreadcrumbList","@id":"https:\/\/heteyssel.be\/feestdagen\/#breadcrumb","itemListElement":[{"@type":"ListItem","position":1,"name":"Home","item":"https:\/\/heteyssel.be\/"},{"@type":"ListItem","position":2,"name":"Feestdagen"}]},{"@type":"WebSite","@id":"https:\/\/heteyssel.be\/#website","url":"https:\/\/heteyssel.be\/","name":"Vaste Plantenkwekerij Het Eyssel bv","description":"Focus on Quality","publisher":{"@id":"https:\/\/heteyssel.be\/#organization"},"potentialAction":[{"@type":"SearchAction","target":{"@type":"EntryPoint","urlTemplate":"https:\/\/heteyssel.be\/?s={search_term_string}"},"query-input":{"@type":"PropertyValueSpecification","valueRequired":true,"valueName":"search_term_string"}}],"inLanguage":"de"},{"@type":"Organization","@id":"https:\/\/heteyssel.be\/#organization","name":"Vaste Plantenkwekerij Het Eyssel bv","url":"https:\/\/heteyssel.be\/","logo":{"@type":"ImageObject","inLanguage":"de","@id":"https:\/\/heteyssel.be\/#\/schema\/logo\/image\/","url":"https:\/\/heteyssel.be\/wp-content\/uploads\/2024\/07\/Logo-eyssel-zonder-achtergrond.png","contentUrl":"https:\/\/heteyssel.be\/wp-content\/uploads\/2024\/07\/Logo-eyssel-zonder-achtergrond.png","width":1224,"height":521,"caption":"Vaste Plantenkwekerij Het Eyssel bv"},"image":{"@id":"https:\/\/heteyssel.be\/#\/schema\/logo\/image\/"}}]}},"_links":{"self":[{"href":"https:\/\/heteyssel.be\/de\/wp-json\/wp\/v2\/pages\/17216","targetHints":{"allow":["GET"]}}],"collection":[{"href":"https:\/\/heteyssel.be\/de\/wp-json\/wp\/v2\/pages"}],"about":[{"href":"https:\/\/heteyssel.be\/de\/wp-json\/wp\/v2\/types\/page"}],"author":[{"embeddable":true,"href":"https:\/\/heteyssel.be\/de\/wp-json\/wp\/v2\/users\/414"}],"replies":[{"embeddable":true,"href":"https:\/\/heteyssel.be\/de\/wp-json\/wp\/v2\/comments?post=17216"}],"version-history":[{"count":37,"href":"https:\/\/heteyssel.be\/de\/wp-json\/wp\/v2\/pages\/17216\/revisions"}],"predecessor-version":[{"id":19739,"href":"https:\/\/heteyssel.be\/de\/wp-json\/wp\/v2\/pages\/17216\/revisions\/19739"}],"wp:attachment":[{"href":"https:\/\/heteyssel.be\/de\/wp-json\/wp\/v2\/media?parent=17216"}],"curies":[{"name":"wp","href":"https:\/\/api.w.org\/{rel}","templated":true}]}}