{"id":17327,"date":"2024-09-18T11:52:40","date_gmt":"2024-09-18T09:52:40","guid":{"rendered":"https:\/\/heteyssel.be\/?page_id=17327"},"modified":"2025-02-18T14:19:41","modified_gmt":"2025-02-18T13:19:41","slug":"handelsbedrijf","status":"publish","type":"page","link":"https:\/\/heteyssel.be\/de\/handelsgesellschaft\/","title":{"rendered":"Handelsgesellschaft"},"content":{"rendered":"<div data-elementor-type=\"wp-page\" data-elementor-id=\"17327\" class=\"elementor elementor-17327\" data-elementor-post-type=\"page\">\n\t\t\t\t<div class=\"elementor-element elementor-element-12e3f8f3 e-con-full e-flex e-con e-parent\" data-id=\"12e3f8f3\" data-element_type=\"container\" data-e-type=\"container\" data-settings=\"{&quot;background_background&quot;:&quot;classic&quot;}\">\n\t\t<div class=\"elementor-element elementor-element-64f1677b e-flex e-con-boxed e-con e-child\" data-id=\"64f1677b\" data-element_type=\"container\" data-e-type=\"container\">\n\t\t\t\t\t<div class=\"e-con-inner\">\n\t\t\t\t<div class=\"elementor-element elementor-element-23958de7 elementor-widget elementor-widget-heading\" data-id=\"23958de7\" data-element_type=\"widget\" data-e-type=\"widget\" data-widget_type=\"heading.default\">\n\t\t\t\t<div class=\"elementor-widget-container\">\n\t\t\t\t\t<h5 class=\"elementor-heading-title elementor-size-default\">Fokus auf Qualit\u00e4t<\/h5>\t\t\t\t<\/div>\n\t\t\t\t<\/div>\n\t\t\t\t\t<\/div>\n\t\t\t\t<\/div>\n\t\t\t\t<\/div>\n\t\t<div class=\"elementor-element elementor-element-f94991c e-flex e-con-boxed e-con e-parent\" data-id=\"f94991c\" data-element_type=\"container\" data-e-type=\"container\">\n\t\t\t\t\t<div class=\"e-con-inner\">\n\t\t\t\t<div class=\"elementor-element elementor-element-d17d07b elementor-widget elementor-widget-heading\" data-id=\"d17d07b\" data-element_type=\"widget\" data-e-type=\"widget\" data-widget_type=\"heading.default\">\n\t\t\t\t<div class=\"elementor-widget-container\">\n\t\t\t\t\t<h2 class=\"elementor-heading-title elementor-size-default\">Die Handelsg\u00e4rtnerei Het Eyssel ist f\u00fcr Handelsunternehmen da.<\/h2>\t\t\t\t<\/div>\n\t\t\t\t<\/div>\n\t\t\t\t<div class=\"elementor-element elementor-element-4cea774 elementor-widget elementor-widget-text-editor\" data-id=\"4cea774\" data-element_type=\"widget\" data-e-type=\"widget\" data-widget_type=\"text-editor.default\">\n\t\t\t\t<div class=\"elementor-widget-container\">\n\t\t\t\t\t\t\t\t\t<p>Unser Ziel ist es, Spitzenqualit\u00e4t zu liefern. Indem wir prompten Service mit hochwertigen Produkten kombinieren, schaffen wir Vertrauen und f\u00f6rdern erfolgreiche, langfristige Handelsbeziehungen.\u00a0<\/p>\t\t\t\t\t\t\t\t<\/div>\n\t\t\t\t<\/div>\n\t\t\t\t\t<\/div>\n\t\t\t\t<\/div>\n\t\t<div class=\"elementor-element elementor-element-39021adc e-flex e-con-boxed e-con e-parent\" data-id=\"39021adc\" data-element_type=\"container\" data-e-type=\"container\">\n\t\t\t\t\t<div class=\"e-con-inner\">\n\t\t<div class=\"elementor-element elementor-element-de538aa e-con-full e-flex e-con e-child\" data-id=\"de538aa\" data-element_type=\"container\" data-e-type=\"container\">\n\t\t\t\t<div class=\"elementor-element elementor-element-f5e6c26 elementor-widget elementor-widget-text-editor\" data-id=\"f5e6c26\" data-element_type=\"widget\" data-e-type=\"widget\" data-widget_type=\"text-editor.default\">\n\t\t\t\t<div class=\"elementor-widget-container\">\n\t\t\t\t\t\t\t\t\t<p>Fordern Sie ein Login zu unserer Online-Plattform an und erhalten Sie Zugang zu unserer aktuellen Bestandsliste. Diese Pflanzen befinden sich an einem unserer Standorte und sind sofort f\u00fcr Sie verf\u00fcgbar.\u00a0<\/p>\t\t\t\t\t\t\t\t<\/div>\n\t\t\t\t<\/div>\n\t\t\t\t<\/div>\n\t\t<div class=\"elementor-element elementor-element-7a99a349 e-con-full e-flex e-con e-child\" data-id=\"7a99a349\" data-element_type=\"container\" data-e-type=\"container\">\n\t\t\t\t<div class=\"elementor-element elementor-element-3efbf7a elementor-widget elementor-widget-spacer\" data-id=\"3efbf7a\" data-element_type=\"widget\" data-e-type=\"widget\" data-widget_type=\"spacer.default\">\n\t\t\t\t<div class=\"elementor-widget-container\">\n\t\t\t\t\t\t\t<div class=\"elementor-spacer\">\n\t\t\t<div class=\"elementor-spacer-inner\"><\/div>\n\t\t<\/div>\n\t\t\t\t\t\t<\/div>\n\t\t\t\t<\/div>\n\t\t\t\t<div class=\"elementor-element elementor-element-69353264 elementor-align-center elementor-widget elementor-widget-button\" data-id=\"69353264\" data-element_type=\"widget\" data-e-type=\"widget\" data-widget_type=\"button.default\">\n\t\t\t\t<div class=\"elementor-widget-container\">\n\t\t\t\t\t\t\t\t\t<div class=\"elementor-button-wrapper\">\n\t\t\t\t\t<a class=\"elementor-button elementor-button-link elementor-size-sm\" href=\"https:\/\/heteyssel.be\/de\/online-portal\/\">\n\t\t\t\t\t\t<span class=\"elementor-button-content-wrapper\">\n\t\t\t\t\t\t<span class=\"elementor-button-icon\">\n\t\t\t\t<i aria-hidden=\"true\" class=\"icon icon-right-arrow1\"><\/i>\t\t\t<\/span>\n\t\t\t\t\t\t\t\t\t<span class=\"elementor-button-text\">Online-Umgebung<\/span>\n\t\t\t\t\t<\/span>\n\t\t\t\t\t<\/a>\n\t\t\t\t<\/div>\n\t\t\t\t\t\t\t\t<\/div>\n\t\t\t\t<\/div>\n\t\t\t\t<div class=\"elementor-element elementor-element-22c49aa0 elementor-widget elementor-widget-image\" data-id=\"22c49aa0\" data-element_type=\"widget\" data-e-type=\"widget\" data-widget_type=\"image.default\">\n\t\t\t\t<div class=\"elementor-widget-container\">\n\t\t\t\t\t\t\t\t\t\t\t\t\t\t\t<img fetchpriority=\"high\" decoding=\"async\" width=\"1030\" height=\"772\" src=\"https:\/\/heteyssel.be\/wp-content\/uploads\/2024\/09\/macbook-subtle-turn-1030x772.png\" class=\"attachment-large size-large wp-image-17065\" alt=\"\" srcset=\"https:\/\/heteyssel.be\/wp-content\/uploads\/2024\/09\/macbook-subtle-turn-1030x772.png 1030w, https:\/\/heteyssel.be\/wp-content\/uploads\/2024\/09\/macbook-subtle-turn-300x225.png 300w, https:\/\/heteyssel.be\/wp-content\/uploads\/2024\/09\/macbook-subtle-turn-768x576.png 768w, https:\/\/heteyssel.be\/wp-content\/uploads\/2024\/09\/macbook-subtle-turn-1536x1151.png 1536w, https:\/\/heteyssel.be\/wp-content\/uploads\/2024\/09\/macbook-subtle-turn-2048x1535.png 2048w\" sizes=\"(max-width: 1030px) 100vw, 1030px\" \/>\t\t\t\t\t\t\t\t\t\t\t\t\t\t\t<\/div>\n\t\t\t\t<\/div>\n\t\t\t\t<div class=\"elementor-element elementor-element-9b1e58b elementor-widget elementor-widget-button\" data-id=\"9b1e58b\" data-element_type=\"widget\" data-e-type=\"widget\" data-widget_type=\"button.default\">\n\t\t\t\t<div class=\"elementor-widget-container\">\n\t\t\t\t\t\t\t\t\t<div class=\"elementor-button-wrapper\">\n\t\t\t\t\t<a class=\"elementor-button elementor-button-link elementor-size-sm\" href=\"https:\/\/heteyssel.be\/de\/online-portal\/\">\n\t\t\t\t\t\t<span class=\"elementor-button-content-wrapper\">\n\t\t\t\t\t\t\t\t\t<span class=\"elementor-button-text\">Zur Online-Umgebung <\/span>\n\t\t\t\t\t<\/span>\n\t\t\t\t\t<\/a>\n\t\t\t\t<\/div>\n\t\t\t\t\t\t\t\t<\/div>\n\t\t\t\t<\/div>\n\t\t\t\t<\/div>\n\t\t\t\t\t<\/div>\n\t\t\t\t<\/div>\n\t\t<div class=\"elementor-element elementor-element-59a8652 e-flex e-con-boxed e-con e-parent\" data-id=\"59a8652\" data-element_type=\"container\" data-e-type=\"container\">\n\t\t\t\t\t<div class=\"e-con-inner\">\n\t\t\t\t<div class=\"elementor-element elementor-element-b74960a elementor-widget elementor-widget-heading\" data-id=\"b74960a\" data-element_type=\"widget\" data-e-type=\"widget\" data-widget_type=\"heading.default\">\n\t\t\t\t<div class=\"elementor-widget-container\">\n\t\t\t\t\t<h4 class=\"elementor-heading-title elementor-size-default\">Handelsg\u00e4rtnerei-Extras f\u00fcr Handelsunternehmen:<\/h4>\t\t\t\t<\/div>\n\t\t\t\t<\/div>\n\t\t\t\t<div class=\"elementor-element elementor-element-3436126 elementor-widget elementor-widget-text-editor\" data-id=\"3436126\" data-element_type=\"widget\" data-e-type=\"widget\" data-widget_type=\"text-editor.default\">\n\t\t\t\t<div class=\"elementor-widget-container\">\n\t\t\t\t\t\t\t\t\t<ul><li><a href=\"https:\/\/heteyssel.be\/de\/varb\/\">Varb<\/a> und <a href=\"https:\/\/heteyssel.be\/de\/treecommerce\/\">Treecomerce<\/a> verf\u00fcgbar<\/li><li>Individuelle Anpassung nach Absprache m\u00f6glich<\/li><li>Sortierung nach Kundenreferenz (eventuell mit Farbcodierung)<\/li><li>T\u00e4glich in Zundert und zweimal w\u00f6chentlich in Boskoop (Stibos Box 5; LCB)<\/li><li>Starke externe Transportpartner in ganz Belgien und den Niederlanden<\/li><li>Nachstehend finden Sie einige Beispiele f\u00fcr unsere Dienstleistungen\/Anpassungen:<br \/><ul><li>Sie geben eine Bestellung zur Lieferung an verschiedene Kunden auf. Mit unserem Sortierservice sorgen wir daf\u00fcr, dass die Pflanzen f\u00fcr jeden Kunden sortiert werden, damit Sie Ihre Lieferung sofort durchf\u00fchren k\u00f6nnen.<\/li><li>Sie haben einen Kunden, der in letzter Minute eine Bestellung aufgibt. Loggen Sie sich auf unserer Online-Plattform ein. Rufen Sie den aktuellen Lagerbestand auf und bestellen Sie Ihre Pflanzen. Wenn Sie vor 15 Uhr bestellen, k\u00f6nnen Sie die Pflanzen am n\u00e4chsten Tag abholen (Link zum aktuellen Lagerbestand).<\/li><\/ul><\/li><\/ul>\t\t\t\t\t\t\t\t<\/div>\n\t\t\t\t<\/div>\n\t\t\t\t\t<\/div>\n\t\t\t\t<\/div>\n\t\t<div class=\"elementor-element elementor-element-6e93bb50 e-flex e-con-boxed e-con e-parent\" data-id=\"6e93bb50\" data-element_type=\"container\" data-e-type=\"container\">\n\t\t\t\t\t<div class=\"e-con-inner\">\n\t\t\t\t<div class=\"elementor-element elementor-element-226eb8ff elementor-widget elementor-widget-heading\" data-id=\"226eb8ff\" data-element_type=\"widget\" data-e-type=\"widget\" data-widget_type=\"heading.default\">\n\t\t\t\t<div class=\"elementor-widget-container\">\n\t\t\t\t\t<h3 class=\"elementor-heading-title elementor-size-default\">Interessieren Sie sich f\u00fcr unsere M\u00f6glichkeiten? Wir w\u00fcrden uns freuen, von Ihnen zu h\u00f6ren. <\/h3>\t\t\t\t<\/div>\n\t\t\t\t<\/div>\n\t\t\t\t\t<\/div>\n\t\t\t\t<\/div>\n\t\t<div class=\"elementor-element elementor-element-f2e6633 e-flex e-con-boxed e-con e-parent\" data-id=\"f2e6633\" data-element_type=\"container\" data-e-type=\"container\">\n\t\t\t\t\t<div class=\"e-con-inner\">\n\t\t\t\t<div class=\"elementor-element elementor-element-d138bf4 elementor-widget elementor-widget-wpforms\" data-id=\"d138bf4\" data-element_type=\"widget\" data-e-type=\"widget\" data-widget_type=\"wpforms.default\">\n\t\t\t\t<div class=\"elementor-widget-container\">\n\t\t\t\t\t<div class=\"wpforms-container\" id=\"wpforms-17633\"><form id=\"wpforms-form-17633\" class=\"wpforms-validate wpforms-form wpforms-ajax-form\" data-formid=\"17633\" method=\"post\" enctype=\"multipart\/form-data\" action=\"\/de\/wp-json\/wp\/v2\/pages\/17327\" data-token=\"5849202148a4585e7691a8cabe3d011d\" data-token-time=\"1779000895\" data-trp-original-action=\"\/de\/wp-json\/wp\/v2\/pages\/17327\"><noscript class=\"wpforms-error-noscript\">Bitte aktivieren Sie JavaScript in Ihrem Browser, um dieses Formular fertigzustellen.<\/noscript><div class=\"wpforms-field-container\"><div id=\"wpforms-17633-field_1-container\" class=\"wpforms-field wpforms-field-name\" data-field-id=\"1\"><label class=\"wpforms-field-label\">Name <span class=\"wpforms-required-label\">*<\/span><\/label><div class=\"wpforms-field-row wpforms-field-medium\"><div class=\"wpforms-field-row-block wpforms-first wpforms-one-half\"><input type=\"text\" id=\"wpforms-17633-field_1\" class=\"wpforms-field-name-first wpforms-field-required\" name=\"wpforms[fields][1][first]\" required><label for=\"wpforms-17633-field_1\" class=\"wpforms-field-sublabel after\">Vorname<\/label><\/div><div class=\"wpforms-field-row-block wpforms-one-half\"><input type=\"text\" id=\"wpforms-17633-field_1-last\" class=\"wpforms-field-name-last wpforms-field-required\" name=\"wpforms[fields][1][last]\" required><label for=\"wpforms-17633-field_1-last\" class=\"wpforms-field-sublabel after\">Nachname<\/label><\/div><\/div><\/div><div id=\"wpforms-17633-field_4-container\" class=\"wpforms-field wpforms-field-text\" data-field-id=\"4\"><label class=\"wpforms-field-label\" for=\"wpforms-17633-field_4\">Unternehmen <span class=\"wpforms-required-label\">*<\/span><\/label><input type=\"text\" id=\"wpforms-17633-field_4\" class=\"wpforms-field-medium wpforms-field-required\" name=\"wpforms[fields][4]\" required><div class=\"wpforms-field-description\">Name des Unternehmens<\/div><\/div><div id=\"wpforms-17633-field_2-container\" class=\"wpforms-field wpforms-field-email\" data-field-id=\"2\"><label class=\"wpforms-field-label\" for=\"wpforms-17633-field_2\">E-Mail <span class=\"wpforms-required-label\">*<\/span><\/label><input type=\"email\" id=\"wpforms-17633-field_2\" class=\"wpforms-field-medium wpforms-field-required\" name=\"wpforms[fields][2]\" spellcheck=\"false\" required><\/div><div id=\"wpforms-17633-field_3-container\" class=\"wpforms-field wpforms-field-textarea\" data-field-id=\"3\"><label class=\"wpforms-field-label\" for=\"wpforms-17633-field_3\">Antwort oder Nachricht<\/label><textarea id=\"wpforms-17633-field_3\" class=\"wpforms-field-medium\" name=\"wpforms[fields][3]\" ><\/textarea><\/div><\/div><!-- .wpforms-field-container --><div class=\"wpforms-submit-container\" ><input type=\"hidden\" name=\"wpforms[id]\" value=\"17633\"><input type=\"hidden\" name=\"page_title\" value=\"\"><input type=\"hidden\" name=\"page_url\" value=\"https:\/\/heteyssel.be\/de\/wp-json\/wp\/v2\/pages\/17327\"><input type=\"hidden\" name=\"url_referer\" value=\"\"><button type=\"submit\" name=\"wpforms[submit]\" id=\"wpforms-submit-17633\" class=\"wpforms-submit\" data-alt-text=\"Verzenden...\" data-submit-text=\"Verzend\" aria-live=\"assertive\" value=\"wpforms-submit\">Senden Sie<\/button><img decoding=\"async\" src=\"https:\/\/heteyssel.be\/wp-content\/plugins\/wpforms-lite\/assets\/images\/submit-spin.svg\" class=\"wpforms-submit-spinner\" style=\"display: none;\" width=\"26\" height=\"26\" alt=\"Wird geladen\"><\/div><input type=\"hidden\" name=\"trp-form-language\" value=\"de\"\/><\/form><\/div>  <!-- .wpforms-container -->\t\t\t\t<\/div>\n\t\t\t\t<\/div>\n\t\t\t\t\t<\/div>\n\t\t\t\t<\/div>\n\t\t\t\t<\/div>","protected":false},"excerpt":{"rendered":"<p>Fokus auf Qualit\u00e4t Handelsg\u00e4rtnerei Het Eyssel ist f\u00fcr die Handelsunternehmen da. Spitzenqualit\u00e4t zu liefern ist unser Ziel. Durch die Kombination von schnellem Service und qualitativ hochwertigen Produkten schaffen wir Vertrauen und f\u00f6rdern erfolgreiche, langfristige Handelsbeziehungen. Fordern Sie ein Login zu unserer Online-Plattform an und erhalten Sie Zugang zu unserer aktuellen Vorratsliste. Diese Anlagen sind [...]<\/p>","protected":false},"author":414,"featured_media":0,"parent":0,"menu_order":0,"comment_status":"closed","ping_status":"closed","template":"","meta":{"site-sidebar-layout":"no-sidebar","site-content-layout":"page-builder","ast-site-content-layout":"full-width-container","site-content-style":"default","site-sidebar-style":"default","ast-global-header-display":"","ast-banner-title-visibility":"","ast-main-header-display":"","ast-hfb-above-header-display":"","ast-hfb-below-header-display":"","ast-hfb-mobile-header-display":"","site-post-title":"disabled","ast-breadcrumbs-content":"","ast-featured-img":"disabled","footer-sml-layout":"","ast-disable-related-posts":"","theme-transparent-header-meta":"default","adv-header-id-meta":"","stick-header-meta":"","header-above-stick-meta":"","header-main-stick-meta":"","header-below-stick-meta":"","astra-migrate-meta-layouts":"set","ast-page-background-enabled":"default","ast-page-background-meta":{"desktop":{"background-color":"","background-image":"","background-repeat":"repeat","background-position":"center center","background-size":"auto","background-attachment":"scroll","background-type":"","background-media":"","overlay-type":"","overlay-color":"","overlay-opacity":"","overlay-gradient":""},"tablet":{"background-color":"","background-image":"","background-repeat":"repeat","background-position":"center center","background-size":"auto","background-attachment":"scroll","background-type":"","background-media":"","overlay-type":"","overlay-color":"","overlay-opacity":"","overlay-gradient":""},"mobile":{"background-color":"","background-image":"","background-repeat":"repeat","background-position":"center center","background-size":"auto","background-attachment":"scroll","background-type":"","background-media":"","overlay-type":"","overlay-color":"","overlay-opacity":"","overlay-gradient":""}},"ast-content-background-meta":{"desktop":{"background-color":"var(--ast-global-color-5)","background-image":"","background-repeat":"repeat","background-position":"center center","background-size":"auto","background-attachment":"scroll","background-type":"","background-media":"","overlay-type":"","overlay-color":"","overlay-opacity":"","overlay-gradient":""},"tablet":{"background-color":"var(--ast-global-color-5)","background-image":"","background-repeat":"repeat","background-position":"center center","background-size":"auto","background-attachment":"scroll","background-type":"","background-media":"","overlay-type":"","overlay-color":"","overlay-opacity":"","overlay-gradient":""},"mobile":{"background-color":"var(--ast-global-color-5)","background-image":"","background-repeat":"repeat","background-position":"center center","background-size":"auto","background-attachment":"scroll","background-type":"","background-media":"","overlay-type":"","overlay-color":"","overlay-opacity":"","overlay-gradient":""}},"footnotes":""},"class_list":["post-17327","page","type-page","status-publish","hentry"],"yoast_head":"<!-- This site is optimized with the Yoast SEO plugin v27.5 - https:\/\/yoast.com\/product\/yoast-seo-wordpress\/ -->\n<title>Handelsbedrijf - Vaste Plantenkwekerij Het Eyssel bv<\/title>\n<meta name=\"robots\" content=\"index, follow, max-snippet:-1, max-image-preview:large, max-video-preview:-1\" \/>\n<link rel=\"canonical\" href=\"https:\/\/heteyssel.be\/de\/handelsgesellschaft\/\" \/>\n<meta property=\"og:locale\" content=\"de_DE\" \/>\n<meta property=\"og:type\" content=\"article\" \/>\n<meta property=\"og:title\" content=\"Handelsbedrijf - Vaste Plantenkwekerij Het Eyssel bv\" \/>\n<meta property=\"og:description\" content=\"Focus on Quality Handelskwekerij Het Eyssel is er voor de handelsbedrijven. Het leveren van topkwaliteit is onze ambitie. Door snelle service te combineren met producten van topkwaliteit bouwen we vertrouwen op en stimuleren we succesvolle, langdurige handelsrelaties. Vraag een inlog aan bij ons online platform en krijg toegang tot onze actuele voorraadlijst. Deze planten staan [&hellip;]\" \/>\n<meta property=\"og:url\" content=\"https:\/\/heteyssel.be\/de\/handelsgesellschaft\/\" \/>\n<meta property=\"og:site_name\" content=\"Vaste Plantenkwekerij Het Eyssel bv\" \/>\n<meta property=\"article:modified_time\" content=\"2025-02-18T13:19:41+00:00\" \/>\n<meta property=\"og:image\" content=\"https:\/\/heteyssel.be\/wp-content\/uploads\/2024\/09\/macbook-subtle-turn-1030x772.png\" \/>\n<meta name=\"twitter:card\" content=\"summary_large_image\" \/>\n<meta name=\"twitter:label1\" content=\"Gesch\u00e4tzte Lesezeit\" \/>\n\t<meta name=\"twitter:data1\" content=\"2\u00a0Minuten\" \/>\n<script type=\"application\/ld+json\" class=\"yoast-schema-graph\">{\"@context\":\"https:\\\/\\\/schema.org\",\"@graph\":[{\"@type\":\"WebPage\",\"@id\":\"https:\\\/\\\/heteyssel.be\\\/handelsbedrijf\\\/\",\"url\":\"https:\\\/\\\/heteyssel.be\\\/handelsbedrijf\\\/\",\"name\":\"Handelsbedrijf - Vaste Plantenkwekerij Het Eyssel bv\",\"isPartOf\":{\"@id\":\"https:\\\/\\\/heteyssel.be\\\/#website\"},\"primaryImageOfPage\":{\"@id\":\"https:\\\/\\\/heteyssel.be\\\/handelsbedrijf\\\/#primaryimage\"},\"image\":{\"@id\":\"https:\\\/\\\/heteyssel.be\\\/handelsbedrijf\\\/#primaryimage\"},\"thumbnailUrl\":\"https:\\\/\\\/heteyssel.be\\\/wp-content\\\/uploads\\\/2024\\\/09\\\/macbook-subtle-turn-1030x772.png\",\"datePublished\":\"2024-09-18T09:52:40+00:00\",\"dateModified\":\"2025-02-18T13:19:41+00:00\",\"breadcrumb\":{\"@id\":\"https:\\\/\\\/heteyssel.be\\\/handelsbedrijf\\\/#breadcrumb\"},\"inLanguage\":\"de\",\"potentialAction\":[{\"@type\":\"ReadAction\",\"target\":[\"https:\\\/\\\/heteyssel.be\\\/handelsbedrijf\\\/\"]}]},{\"@type\":\"ImageObject\",\"inLanguage\":\"de\",\"@id\":\"https:\\\/\\\/heteyssel.be\\\/handelsbedrijf\\\/#primaryimage\",\"url\":\"https:\\\/\\\/heteyssel.be\\\/wp-content\\\/uploads\\\/2024\\\/09\\\/macbook-subtle-turn-1030x772.png\",\"contentUrl\":\"https:\\\/\\\/heteyssel.be\\\/wp-content\\\/uploads\\\/2024\\\/09\\\/macbook-subtle-turn-1030x772.png\"},{\"@type\":\"BreadcrumbList\",\"@id\":\"https:\\\/\\\/heteyssel.be\\\/handelsbedrijf\\\/#breadcrumb\",\"itemListElement\":[{\"@type\":\"ListItem\",\"position\":1,\"name\":\"Home\",\"item\":\"https:\\\/\\\/heteyssel.be\\\/\"},{\"@type\":\"ListItem\",\"position\":2,\"name\":\"Handelsbedrijf\"}]},{\"@type\":\"WebSite\",\"@id\":\"https:\\\/\\\/heteyssel.be\\\/#website\",\"url\":\"https:\\\/\\\/heteyssel.be\\\/\",\"name\":\"Vaste Plantenkwekerij Het Eyssel bv\",\"description\":\"Focus on Quality\",\"publisher\":{\"@id\":\"https:\\\/\\\/heteyssel.be\\\/#organization\"},\"potentialAction\":[{\"@type\":\"SearchAction\",\"target\":{\"@type\":\"EntryPoint\",\"urlTemplate\":\"https:\\\/\\\/heteyssel.be\\\/?s={search_term_string}\"},\"query-input\":{\"@type\":\"PropertyValueSpecification\",\"valueRequired\":true,\"valueName\":\"search_term_string\"}}],\"inLanguage\":\"de\"},{\"@type\":\"Organization\",\"@id\":\"https:\\\/\\\/heteyssel.be\\\/#organization\",\"name\":\"Vaste Plantenkwekerij Het Eyssel bv\",\"url\":\"https:\\\/\\\/heteyssel.be\\\/\",\"logo\":{\"@type\":\"ImageObject\",\"inLanguage\":\"de\",\"@id\":\"https:\\\/\\\/heteyssel.be\\\/#\\\/schema\\\/logo\\\/image\\\/\",\"url\":\"https:\\\/\\\/heteyssel.be\\\/wp-content\\\/uploads\\\/2024\\\/07\\\/Logo-eyssel-zonder-achtergrond.png\",\"contentUrl\":\"https:\\\/\\\/heteyssel.be\\\/wp-content\\\/uploads\\\/2024\\\/07\\\/Logo-eyssel-zonder-achtergrond.png\",\"width\":1224,\"height\":521,\"caption\":\"Vaste Plantenkwekerij Het Eyssel bv\"},\"image\":{\"@id\":\"https:\\\/\\\/heteyssel.be\\\/#\\\/schema\\\/logo\\\/image\\\/\"}}]}<\/script>\n<!-- \/ Yoast SEO plugin. -->","yoast_head_json":{"title":"Handelsbedrijf - Vaste Plantenkwekerij Het Eyssel bv","robots":{"index":"index","follow":"follow","max-snippet":"max-snippet:-1","max-image-preview":"max-image-preview:large","max-video-preview":"max-video-preview:-1"},"canonical":"https:\/\/heteyssel.be\/de\/handelsgesellschaft\/","og_locale":"de_DE","og_type":"article","og_title":"Handelsbedrijf - Vaste Plantenkwekerij Het Eyssel bv","og_description":"Focus on Quality Handelskwekerij Het Eyssel is er voor de handelsbedrijven. Het leveren van topkwaliteit is onze ambitie. Door snelle service te combineren met producten van topkwaliteit bouwen we vertrouwen op en stimuleren we succesvolle, langdurige handelsrelaties. Vraag een inlog aan bij ons online platform en krijg toegang tot onze actuele voorraadlijst. Deze planten staan [&hellip;]","og_url":"https:\/\/heteyssel.be\/de\/handelsgesellschaft\/","og_site_name":"Vaste Plantenkwekerij Het Eyssel bv","article_modified_time":"2025-02-18T13:19:41+00:00","og_image":[{"url":"https:\/\/heteyssel.be\/wp-content\/uploads\/2024\/09\/macbook-subtle-turn-1030x772.png","type":"","width":"","height":""}],"twitter_card":"summary_large_image","twitter_misc":{"Gesch\u00e4tzte Lesezeit":"2\u00a0Minuten"},"schema":{"@context":"https:\/\/schema.org","@graph":[{"@type":"WebPage","@id":"https:\/\/heteyssel.be\/handelsbedrijf\/","url":"https:\/\/heteyssel.be\/handelsbedrijf\/","name":"Handelsbedrijf - Vaste Plantenkwekerij Het Eyssel bv","isPartOf":{"@id":"https:\/\/heteyssel.be\/#website"},"primaryImageOfPage":{"@id":"https:\/\/heteyssel.be\/handelsbedrijf\/#primaryimage"},"image":{"@id":"https:\/\/heteyssel.be\/handelsbedrijf\/#primaryimage"},"thumbnailUrl":"https:\/\/heteyssel.be\/wp-content\/uploads\/2024\/09\/macbook-subtle-turn-1030x772.png","datePublished":"2024-09-18T09:52:40+00:00","dateModified":"2025-02-18T13:19:41+00:00","breadcrumb":{"@id":"https:\/\/heteyssel.be\/handelsbedrijf\/#breadcrumb"},"inLanguage":"de","potentialAction":[{"@type":"ReadAction","target":["https:\/\/heteyssel.be\/handelsbedrijf\/"]}]},{"@type":"ImageObject","inLanguage":"de","@id":"https:\/\/heteyssel.be\/handelsbedrijf\/#primaryimage","url":"https:\/\/heteyssel.be\/wp-content\/uploads\/2024\/09\/macbook-subtle-turn-1030x772.png","contentUrl":"https:\/\/heteyssel.be\/wp-content\/uploads\/2024\/09\/macbook-subtle-turn-1030x772.png"},{"@type":"BreadcrumbList","@id":"https:\/\/heteyssel.be\/handelsbedrijf\/#breadcrumb","itemListElement":[{"@type":"ListItem","position":1,"name":"Home","item":"https:\/\/heteyssel.be\/"},{"@type":"ListItem","position":2,"name":"Handelsbedrijf"}]},{"@type":"WebSite","@id":"https:\/\/heteyssel.be\/#website","url":"https:\/\/heteyssel.be\/","name":"Vaste Plantenkwekerij Het Eyssel bv","description":"Focus on Quality","publisher":{"@id":"https:\/\/heteyssel.be\/#organization"},"potentialAction":[{"@type":"SearchAction","target":{"@type":"EntryPoint","urlTemplate":"https:\/\/heteyssel.be\/?s={search_term_string}"},"query-input":{"@type":"PropertyValueSpecification","valueRequired":true,"valueName":"search_term_string"}}],"inLanguage":"de"},{"@type":"Organization","@id":"https:\/\/heteyssel.be\/#organization","name":"Vaste Plantenkwekerij Het Eyssel bv","url":"https:\/\/heteyssel.be\/","logo":{"@type":"ImageObject","inLanguage":"de","@id":"https:\/\/heteyssel.be\/#\/schema\/logo\/image\/","url":"https:\/\/heteyssel.be\/wp-content\/uploads\/2024\/07\/Logo-eyssel-zonder-achtergrond.png","contentUrl":"https:\/\/heteyssel.be\/wp-content\/uploads\/2024\/07\/Logo-eyssel-zonder-achtergrond.png","width":1224,"height":521,"caption":"Vaste Plantenkwekerij Het Eyssel bv"},"image":{"@id":"https:\/\/heteyssel.be\/#\/schema\/logo\/image\/"}}]}},"_links":{"self":[{"href":"https:\/\/heteyssel.be\/de\/wp-json\/wp\/v2\/pages\/17327","targetHints":{"allow":["GET"]}}],"collection":[{"href":"https:\/\/heteyssel.be\/de\/wp-json\/wp\/v2\/pages"}],"about":[{"href":"https:\/\/heteyssel.be\/de\/wp-json\/wp\/v2\/types\/page"}],"author":[{"embeddable":true,"href":"https:\/\/heteyssel.be\/de\/wp-json\/wp\/v2\/users\/414"}],"replies":[{"embeddable":true,"href":"https:\/\/heteyssel.be\/de\/wp-json\/wp\/v2\/comments?post=17327"}],"version-history":[{"count":89,"href":"https:\/\/heteyssel.be\/de\/wp-json\/wp\/v2\/pages\/17327\/revisions"}],"predecessor-version":[{"id":19001,"href":"https:\/\/heteyssel.be\/de\/wp-json\/wp\/v2\/pages\/17327\/revisions\/19001"}],"wp:attachment":[{"href":"https:\/\/heteyssel.be\/de\/wp-json\/wp\/v2\/media?parent=17327"}],"curies":[{"name":"wp","href":"https:\/\/api.w.org\/{rel}","templated":true}]}}