{"id":17333,"date":"2024-09-18T11:53:52","date_gmt":"2024-09-18T09:53:52","guid":{"rendered":"https:\/\/heteyssel.be\/?page_id=17333"},"modified":"2025-02-18T14:15:59","modified_gmt":"2025-02-18T13:15:59","slug":"groenvoorziener","status":"publish","type":"page","link":"https:\/\/heteyssel.be\/de\/greenkeeper\/","title":{"rendered":"Greenkeeper"},"content":{"rendered":"<div data-elementor-type=\"wp-page\" data-elementor-id=\"17333\" class=\"elementor elementor-17333\" data-elementor-post-type=\"page\">\n\t\t\t\t<div class=\"elementor-element elementor-element-5cb6081d e-con-full e-flex e-con e-parent\" data-id=\"5cb6081d\" data-element_type=\"container\" data-e-type=\"container\" data-settings=\"{&quot;background_background&quot;:&quot;classic&quot;}\">\n\t\t<div class=\"elementor-element elementor-element-2a4b658d e-flex e-con-boxed e-con e-child\" data-id=\"2a4b658d\" data-element_type=\"container\" data-e-type=\"container\">\n\t\t\t\t\t<div class=\"e-con-inner\">\n\t\t\t\t<div class=\"elementor-element elementor-element-3d1acdf6 elementor-widget elementor-widget-heading\" data-id=\"3d1acdf6\" data-element_type=\"widget\" data-e-type=\"widget\" data-widget_type=\"heading.default\">\n\t\t\t\t<div class=\"elementor-widget-container\">\n\t\t\t\t\t<h5 class=\"elementor-heading-title elementor-size-default\">Fokus auf Qualit\u00e4t<\/h5>\t\t\t\t<\/div>\n\t\t\t\t<\/div>\n\t\t\t\t\t<\/div>\n\t\t\t\t<\/div>\n\t\t\t\t<\/div>\n\t\t<div class=\"elementor-element elementor-element-8b50da0 e-flex e-con-boxed e-con e-parent\" data-id=\"8b50da0\" data-element_type=\"container\" data-e-type=\"container\">\n\t\t\t\t\t<div class=\"e-con-inner\">\n\t\t\t\t<div class=\"elementor-element elementor-element-234886c elementor-widget elementor-widget-heading\" data-id=\"234886c\" data-element_type=\"widget\" data-e-type=\"widget\" data-widget_type=\"heading.default\">\n\t\t\t\t<div class=\"elementor-widget-container\">\n\t\t\t\t\t<h2 class=\"elementor-heading-title elementor-size-default\">Die Handelsg\u00e4rtnerei Het Eyssel ist f\u00fcr den gr\u00fcnen G\u00e4rtner da.<\/h2>\t\t\t\t<\/div>\n\t\t\t\t<\/div>\n\t\t\t\t<div class=\"elementor-element elementor-element-4231c10 elementor-widget elementor-widget-text-editor\" data-id=\"4231c10\" data-element_type=\"widget\" data-e-type=\"widget\" data-widget_type=\"text-editor.default\">\n\t\t\t\t<div class=\"elementor-widget-container\">\n\t\t\t\t\t\t\t\t\t<p>Die Handelsg\u00e4rtnerei Het Eyssel ist f\u00fcr den gr\u00fcnen G\u00e4rtner da. Ein guter und schneller Service und ein hochwertiges Produkt sind von gro\u00dfer Bedeutung. Het Eyssel ist sich dessen bewusst und arbeitet jeden Tag daran, Sie so schnell wie m\u00f6glich mit Ihren Pflanzen zu versorgen.<\/p>\t\t\t\t\t\t\t\t<\/div>\n\t\t\t\t<\/div>\n\t\t\t\t\t<\/div>\n\t\t\t\t<\/div>\n\t\t<div class=\"elementor-element elementor-element-6fecf522 e-flex e-con-boxed e-con e-parent\" data-id=\"6fecf522\" data-element_type=\"container\" data-e-type=\"container\">\n\t\t\t\t\t<div class=\"e-con-inner\">\n\t\t<div class=\"elementor-element elementor-element-2fd25bd8 e-con-full e-flex e-con e-child\" data-id=\"2fd25bd8\" data-element_type=\"container\" data-e-type=\"container\">\n\t\t\t\t<div class=\"elementor-element elementor-element-6f3625d2 elementor-widget elementor-widget-text-editor\" data-id=\"6f3625d2\" data-element_type=\"widget\" data-e-type=\"widget\" data-widget_type=\"text-editor.default\">\n\t\t\t\t<div class=\"elementor-widget-container\">\n\t\t\t\t\t\t\t\t\t<p>Fordern Sie Ihr Login zu unserer Online-Plattform an und greifen Sie auf unsere aktuelle Bestandsliste zu. Diese Pflanzen befinden sich an einem unserer Standorte und sind sofort f\u00fcr Sie verf\u00fcgbar. <br \/><br \/>Sie haben auch Zugang zu unserem Angebotssystem. Dank unserer guten Beziehungen zum Handel k\u00f6nnen wir Ihnen ein Gesamtangebot an Stauden unterbreiten.<\/p>\t\t\t\t\t\t\t\t<\/div>\n\t\t\t\t<\/div>\n\t\t\t\t<\/div>\n\t\t<div class=\"elementor-element elementor-element-5a209388 e-con-full e-flex e-con e-child\" data-id=\"5a209388\" data-element_type=\"container\" data-e-type=\"container\">\n\t\t\t\t<div class=\"elementor-element elementor-element-47b416c0 elementor-widget elementor-widget-image\" data-id=\"47b416c0\" data-element_type=\"widget\" data-e-type=\"widget\" data-widget_type=\"image.default\">\n\t\t\t\t<div class=\"elementor-widget-container\">\n\t\t\t\t\t\t\t\t\t\t\t\t\t\t\t<img fetchpriority=\"high\" decoding=\"async\" width=\"1030\" height=\"772\" src=\"https:\/\/heteyssel.be\/wp-content\/uploads\/2024\/09\/macbook-subtle-turn-1030x772.png\" class=\"attachment-large size-large wp-image-17065\" alt=\"\" srcset=\"https:\/\/heteyssel.be\/wp-content\/uploads\/2024\/09\/macbook-subtle-turn-1030x772.png 1030w, https:\/\/heteyssel.be\/wp-content\/uploads\/2024\/09\/macbook-subtle-turn-300x225.png 300w, https:\/\/heteyssel.be\/wp-content\/uploads\/2024\/09\/macbook-subtle-turn-768x576.png 768w, https:\/\/heteyssel.be\/wp-content\/uploads\/2024\/09\/macbook-subtle-turn-1536x1151.png 1536w, https:\/\/heteyssel.be\/wp-content\/uploads\/2024\/09\/macbook-subtle-turn-2048x1535.png 2048w\" sizes=\"(max-width: 1030px) 100vw, 1030px\" \/>\t\t\t\t\t\t\t\t\t\t\t\t\t\t\t<\/div>\n\t\t\t\t<\/div>\n\t\t\t\t<div class=\"elementor-element elementor-element-16188287 elementor-align-center elementor-widget elementor-widget-button\" data-id=\"16188287\" data-element_type=\"widget\" data-e-type=\"widget\" data-widget_type=\"button.default\">\n\t\t\t\t<div class=\"elementor-widget-container\">\n\t\t\t\t\t\t\t\t\t<div class=\"elementor-button-wrapper\">\n\t\t\t\t\t<a class=\"elementor-button elementor-button-link elementor-size-sm\" href=\"https:\/\/heteyssel.be\/de\/online-portal\/\">\n\t\t\t\t\t\t<span class=\"elementor-button-content-wrapper\">\n\t\t\t\t\t\t<span class=\"elementor-button-icon\">\n\t\t\t\t<i aria-hidden=\"true\" class=\"icon icon-right-arrow1\"><\/i>\t\t\t<\/span>\n\t\t\t\t\t\t\t\t\t<span class=\"elementor-button-text\">Online-Umgebung<\/span>\n\t\t\t\t\t<\/span>\n\t\t\t\t\t<\/a>\n\t\t\t\t<\/div>\n\t\t\t\t\t\t\t\t<\/div>\n\t\t\t\t<\/div>\n\t\t\t\t<\/div>\n\t\t\t\t\t<\/div>\n\t\t\t\t<\/div>\n\t\t<div class=\"elementor-element elementor-element-7131876 e-flex e-con-boxed e-con e-parent\" data-id=\"7131876\" data-element_type=\"container\" data-e-type=\"container\">\n\t\t\t\t\t<div class=\"e-con-inner\">\n\t\t\t\t<div class=\"elementor-element elementor-element-f34334f elementor-widget elementor-widget-heading\" data-id=\"f34334f\" data-element_type=\"widget\" data-e-type=\"widget\" data-widget_type=\"heading.default\">\n\t\t\t\t<div class=\"elementor-widget-container\">\n\t\t\t\t\t<h5 class=\"elementor-heading-title elementor-size-default\">Onze extra's voor de groenvoorziener:<\/h5>\t\t\t\t<\/div>\n\t\t\t\t<\/div>\n\t\t\t\t<div class=\"elementor-element elementor-element-19919e1 elementor-widget elementor-widget-text-editor\" data-id=\"19919e1\" data-element_type=\"widget\" data-e-type=\"widget\" data-widget_type=\"text-editor.default\">\n\t\t\t\t<div class=\"elementor-widget-container\">\n\t\t\t\t\t\t\t\t\t<ul><li><a href=\"https:\/\/heteyssel.be\/de\/varb\/\">Varb<\/a> und <a href=\"https:\/\/heteyssel.be\/de\/treecommerce\/\">Treecomerce<\/a> verf\u00fcgbar<\/li><li>Individuelle Anpassung nach Absprache m\u00f6glich<\/li><li>Sortierung nach Kundenreferenz (eventuell mit Farbcodierung)<\/li><li>T\u00e4glich eigener Transport in der Umgebung von Zundert.<\/li><li>Eigener Transport zweimal pro Woche Boskoop Stibos (Box 5) &amp; LCB<\/li><li>Eigener Transport zweimal pro Woche rund um Gilze<\/li><li>Starke Transportpartner mit europ\u00e4ischer Abdeckung<\/li><\/ul>\t\t\t\t\t\t\t\t<\/div>\n\t\t\t\t<\/div>\n\t\t\t\t<div class=\"elementor-element elementor-element-022c6d2 elementor-widget elementor-widget-heading\" data-id=\"022c6d2\" data-element_type=\"widget\" data-e-type=\"widget\" data-widget_type=\"heading.default\">\n\t\t\t\t<div class=\"elementor-widget-container\">\n\t\t\t\t\t<h5 class=\"elementor-heading-title elementor-size-default\">Nachstehend finden Sie einige Beispiele f\u00fcr unsere Dienstleistungen\/Anpassungen:<\/h5>\t\t\t\t<\/div>\n\t\t\t\t<\/div>\n\t\t\t\t<div class=\"elementor-element elementor-element-3e61f8b elementor-widget elementor-widget-text-editor\" data-id=\"3e61f8b\" data-element_type=\"widget\" data-e-type=\"widget\" data-widget_type=\"text-editor.default\">\n\t\t\t\t<div class=\"elementor-widget-container\">\n\t\t\t\t\t\t\t\t\t<ul><li>Sie wollen eine Bestellung bei uns aufgeben und diese geht an Kunde 1, Kunde 2 und Kunde 3. Mit unserem Sortierservice sorgen wir daf\u00fcr, dass die Pflanzen f\u00fcr Sie nach Kunden sortiert werden, damit Sie sofort Ihre Lieferung vornehmen k\u00f6nnen.<\/li><li>Sie haben einen Kunden, der in letzter Minute eine Bestellung aufgibt. Loggen Sie sich auf unserer Online-Plattform ein. Rufen Sie den aktuellen Lagerbestand auf und bestellen Sie Ihre Pflanzen. Diese k\u00f6nnen, wenn sie vor 15 Uhr bestellt werden, in den meisten F\u00e4llen noch am selben Tag abgeholt werden. (Link zum aktuellen Lagerbestand)<\/li><\/ul>\t\t\t\t\t\t\t\t<\/div>\n\t\t\t\t<\/div>\n\t\t\t\t\t<\/div>\n\t\t\t\t<\/div>\n\t\t<div class=\"elementor-element elementor-element-3e0abb67 e-flex e-con-boxed e-con e-parent\" data-id=\"3e0abb67\" data-element_type=\"container\" data-e-type=\"container\">\n\t\t\t\t\t<div class=\"e-con-inner\">\n\t\t\t\t<div class=\"elementor-element elementor-element-7948a47 elementor-widget elementor-widget-heading\" data-id=\"7948a47\" data-element_type=\"widget\" data-e-type=\"widget\" data-widget_type=\"heading.default\">\n\t\t\t\t<div class=\"elementor-widget-container\">\n\t\t\t\t\t<h3 class=\"elementor-heading-title elementor-size-default\">Interessieren Sie sich f\u00fcr unsere M\u00f6glichkeiten? Wir w\u00fcrden uns freuen, von Ihnen zu h\u00f6ren. <\/h3>\t\t\t\t<\/div>\n\t\t\t\t<\/div>\n\t\t\t\t<div class=\"elementor-element elementor-element-6ad4b88 ekit_wpForms_container-form-button-custom elementor-widget elementor-widget-elementskit-wp-forms\" data-id=\"6ad4b88\" data-element_type=\"widget\" data-e-type=\"widget\" data-widget_type=\"elementskit-wp-forms.default\">\n\t\t\t\t<div class=\"elementor-widget-container\">\n\t\t\t\t\t<div class=\"ekit-wid-con ekit_wpForms_container\"><div class=\"wpforms-container\" id=\"wpforms-17633\"><form id=\"wpforms-form-17633\" class=\"wpforms-validate wpforms-form wpforms-ajax-form\" data-formid=\"17633\" method=\"post\" enctype=\"multipart\/form-data\" action=\"\/de\/wp-json\/wp\/v2\/pages\/17333\" data-token=\"5e599a289ba1b68ef6a7bb0548c6e82b\" data-token-time=\"1775636553\" data-trp-original-action=\"\/de\/wp-json\/wp\/v2\/pages\/17333\"><noscript class=\"wpforms-error-noscript\">Bitte aktivieren Sie JavaScript in Ihrem Browser, um dieses Formular fertigzustellen.<\/noscript><div class=\"wpforms-field-container\"><div id=\"wpforms-17633-field_1-container\" class=\"wpforms-field wpforms-field-name\" data-field-id=\"1\"><label class=\"wpforms-field-label\">Name <span class=\"wpforms-required-label\">*<\/span><\/label><div class=\"wpforms-field-row wpforms-field-medium\"><div class=\"wpforms-field-row-block wpforms-first wpforms-one-half\"><input type=\"text\" id=\"wpforms-17633-field_1\" class=\"wpforms-field-name-first wpforms-field-required\" name=\"wpforms[fields][1][first]\" required><label for=\"wpforms-17633-field_1\" class=\"wpforms-field-sublabel after\">Vorname<\/label><\/div><div class=\"wpforms-field-row-block wpforms-one-half\"><input type=\"text\" id=\"wpforms-17633-field_1-last\" class=\"wpforms-field-name-last wpforms-field-required\" name=\"wpforms[fields][1][last]\" required><label for=\"wpforms-17633-field_1-last\" class=\"wpforms-field-sublabel after\">Nachname<\/label><\/div><\/div><\/div><div id=\"wpforms-17633-field_4-container\" class=\"wpforms-field wpforms-field-text\" data-field-id=\"4\"><label class=\"wpforms-field-label\" for=\"wpforms-17633-field_4\">Unternehmen <span class=\"wpforms-required-label\">*<\/span><\/label><input type=\"text\" id=\"wpforms-17633-field_4\" class=\"wpforms-field-medium wpforms-field-required\" name=\"wpforms[fields][4]\" required><div class=\"wpforms-field-description\">Name des Unternehmens<\/div><\/div><div id=\"wpforms-17633-field_2-container\" class=\"wpforms-field wpforms-field-email\" data-field-id=\"2\"><label class=\"wpforms-field-label\" for=\"wpforms-17633-field_2\">E-Mail <span class=\"wpforms-required-label\">*<\/span><\/label><input type=\"email\" id=\"wpforms-17633-field_2\" class=\"wpforms-field-medium wpforms-field-required\" name=\"wpforms[fields][2]\" spellcheck=\"false\" required><\/div><div id=\"wpforms-17633-field_3-container\" class=\"wpforms-field wpforms-field-textarea\" data-field-id=\"3\"><label class=\"wpforms-field-label\" for=\"wpforms-17633-field_3\">Antwort oder Nachricht<\/label><textarea id=\"wpforms-17633-field_3\" class=\"wpforms-field-medium\" name=\"wpforms[fields][3]\" ><\/textarea><\/div><\/div><!-- .wpforms-field-container --><div class=\"wpforms-submit-container\" ><input type=\"hidden\" name=\"wpforms[id]\" value=\"17633\"><input type=\"hidden\" name=\"page_title\" value=\"\"><input type=\"hidden\" name=\"page_url\" value=\"https:\/\/heteyssel.be\/de\/wp-json\/wp\/v2\/pages\/17333\"><input type=\"hidden\" name=\"url_referer\" value=\"\"><button type=\"submit\" name=\"wpforms[submit]\" id=\"wpforms-submit-17633\" class=\"wpforms-submit\" data-alt-text=\"Verzenden...\" data-submit-text=\"Verzend\" aria-live=\"assertive\" value=\"wpforms-submit\">Senden Sie<\/button><img decoding=\"async\" src=\"https:\/\/heteyssel.be\/wp-content\/plugins\/wpforms-lite\/assets\/images\/submit-spin.svg\" class=\"wpforms-submit-spinner\" style=\"display: none;\" width=\"26\" height=\"26\" alt=\"Wird geladen\"><\/div><input type=\"hidden\" name=\"trp-form-language\" value=\"de\"\/><\/form><\/div>  <!-- .wpforms-container --><\/div>\t\t\t\t<\/div>\n\t\t\t\t<\/div>\n\t\t\t\t\t<\/div>\n\t\t\t\t<\/div>\n\t\t\t\t<\/div>","protected":false},"excerpt":{"rendered":"<p>Focus on Quality Handelskwekerij Het Eyssel is er voor de groenvoorziener. Handelskwekerij Het Eyssel is er voor de groenvoorziener. Goede, snelle service en een kwalitatief product zijn van groot belang. Het Eyssel is\u00a0 hier van bewust en werken er dagelijks aan om u zo snel mogelijk van uw planten te voorzien. Vraag uw inlog aan [&hellip;]<\/p>","protected":false},"author":414,"featured_media":0,"parent":0,"menu_order":0,"comment_status":"closed","ping_status":"closed","template":"","meta":{"site-sidebar-layout":"no-sidebar","site-content-layout":"page-builder","ast-site-content-layout":"full-width-container","site-content-style":"default","site-sidebar-style":"default","ast-global-header-display":"","ast-banner-title-visibility":"","ast-main-header-display":"","ast-hfb-above-header-display":"","ast-hfb-below-header-display":"","ast-hfb-mobile-header-display":"","site-post-title":"disabled","ast-breadcrumbs-content":"","ast-featured-img":"disabled","footer-sml-layout":"","ast-disable-related-posts":"","theme-transparent-header-meta":"default","adv-header-id-meta":"","stick-header-meta":"","header-above-stick-meta":"","header-main-stick-meta":"","header-below-stick-meta":"","astra-migrate-meta-layouts":"set","ast-page-background-enabled":"default","ast-page-background-meta":{"desktop":{"background-color":"","background-image":"","background-repeat":"repeat","background-position":"center center","background-size":"auto","background-attachment":"scroll","background-type":"","background-media":"","overlay-type":"","overlay-color":"","overlay-opacity":"","overlay-gradient":""},"tablet":{"background-color":"","background-image":"","background-repeat":"repeat","background-position":"center center","background-size":"auto","background-attachment":"scroll","background-type":"","background-media":"","overlay-type":"","overlay-color":"","overlay-opacity":"","overlay-gradient":""},"mobile":{"background-color":"","background-image":"","background-repeat":"repeat","background-position":"center center","background-size":"auto","background-attachment":"scroll","background-type":"","background-media":"","overlay-type":"","overlay-color":"","overlay-opacity":"","overlay-gradient":""}},"ast-content-background-meta":{"desktop":{"background-color":"var(--ast-global-color-5)","background-image":"","background-repeat":"repeat","background-position":"center center","background-size":"auto","background-attachment":"scroll","background-type":"","background-media":"","overlay-type":"","overlay-color":"","overlay-opacity":"","overlay-gradient":""},"tablet":{"background-color":"var(--ast-global-color-5)","background-image":"","background-repeat":"repeat","background-position":"center center","background-size":"auto","background-attachment":"scroll","background-type":"","background-media":"","overlay-type":"","overlay-color":"","overlay-opacity":"","overlay-gradient":""},"mobile":{"background-color":"var(--ast-global-color-5)","background-image":"","background-repeat":"repeat","background-position":"center center","background-size":"auto","background-attachment":"scroll","background-type":"","background-media":"","overlay-type":"","overlay-color":"","overlay-opacity":"","overlay-gradient":""}},"footnotes":""},"class_list":["post-17333","page","type-page","status-publish","hentry"],"yoast_head":"<!-- This site is optimized with the Yoast SEO plugin v27.3 - https:\/\/yoast.com\/product\/yoast-seo-wordpress\/ -->\n<title>Groenvoorziener - Vaste Plantenkwekerij Het Eyssel bv<\/title>\n<meta name=\"robots\" content=\"index, follow, max-snippet:-1, max-image-preview:large, max-video-preview:-1\" \/>\n<link rel=\"canonical\" href=\"https:\/\/heteyssel.be\/de\/greenkeeper\/\" \/>\n<meta property=\"og:locale\" content=\"de_DE\" \/>\n<meta property=\"og:type\" content=\"article\" \/>\n<meta property=\"og:title\" content=\"Groenvoorziener - Vaste Plantenkwekerij Het Eyssel bv\" \/>\n<meta property=\"og:description\" content=\"Focus on Quality Handelskwekerij Het Eyssel is er voor de groenvoorziener. Handelskwekerij Het Eyssel is er voor de groenvoorziener. Goede, snelle service en een kwalitatief product zijn van groot belang. Het Eyssel is\u00a0 hier van bewust en werken er dagelijks aan om u zo snel mogelijk van uw planten te voorzien. Vraag uw inlog aan [&hellip;]\" \/>\n<meta property=\"og:url\" content=\"https:\/\/heteyssel.be\/de\/greenkeeper\/\" \/>\n<meta property=\"og:site_name\" content=\"Vaste Plantenkwekerij Het Eyssel bv\" \/>\n<meta property=\"article:modified_time\" content=\"2025-02-18T13:15:59+00:00\" \/>\n<meta property=\"og:image\" content=\"https:\/\/heteyssel.be\/wp-content\/uploads\/2024\/09\/macbook-subtle-turn-1030x772.png\" \/>\n<meta name=\"twitter:card\" content=\"summary_large_image\" \/>\n<meta name=\"twitter:label1\" content=\"Gesch\u00e4tzte Lesezeit\" \/>\n\t<meta name=\"twitter:data1\" content=\"2\u00a0Minuten\" \/>\n<script type=\"application\/ld+json\" class=\"yoast-schema-graph\">{\"@context\":\"https:\\\/\\\/schema.org\",\"@graph\":[{\"@type\":\"WebPage\",\"@id\":\"https:\\\/\\\/heteyssel.be\\\/groenvoorziener\\\/\",\"url\":\"https:\\\/\\\/heteyssel.be\\\/groenvoorziener\\\/\",\"name\":\"Groenvoorziener - Vaste Plantenkwekerij Het Eyssel bv\",\"isPartOf\":{\"@id\":\"https:\\\/\\\/heteyssel.be\\\/#website\"},\"primaryImageOfPage\":{\"@id\":\"https:\\\/\\\/heteyssel.be\\\/groenvoorziener\\\/#primaryimage\"},\"image\":{\"@id\":\"https:\\\/\\\/heteyssel.be\\\/groenvoorziener\\\/#primaryimage\"},\"thumbnailUrl\":\"https:\\\/\\\/heteyssel.be\\\/wp-content\\\/uploads\\\/2024\\\/09\\\/macbook-subtle-turn-1030x772.png\",\"datePublished\":\"2024-09-18T09:53:52+00:00\",\"dateModified\":\"2025-02-18T13:15:59+00:00\",\"breadcrumb\":{\"@id\":\"https:\\\/\\\/heteyssel.be\\\/groenvoorziener\\\/#breadcrumb\"},\"inLanguage\":\"de\",\"potentialAction\":[{\"@type\":\"ReadAction\",\"target\":[\"https:\\\/\\\/heteyssel.be\\\/groenvoorziener\\\/\"]}]},{\"@type\":\"ImageObject\",\"inLanguage\":\"de\",\"@id\":\"https:\\\/\\\/heteyssel.be\\\/groenvoorziener\\\/#primaryimage\",\"url\":\"https:\\\/\\\/heteyssel.be\\\/wp-content\\\/uploads\\\/2024\\\/09\\\/macbook-subtle-turn-1030x772.png\",\"contentUrl\":\"https:\\\/\\\/heteyssel.be\\\/wp-content\\\/uploads\\\/2024\\\/09\\\/macbook-subtle-turn-1030x772.png\"},{\"@type\":\"BreadcrumbList\",\"@id\":\"https:\\\/\\\/heteyssel.be\\\/groenvoorziener\\\/#breadcrumb\",\"itemListElement\":[{\"@type\":\"ListItem\",\"position\":1,\"name\":\"Home\",\"item\":\"https:\\\/\\\/heteyssel.be\\\/\"},{\"@type\":\"ListItem\",\"position\":2,\"name\":\"Groenvoorziener\"}]},{\"@type\":\"WebSite\",\"@id\":\"https:\\\/\\\/heteyssel.be\\\/#website\",\"url\":\"https:\\\/\\\/heteyssel.be\\\/\",\"name\":\"Vaste Plantenkwekerij Het Eyssel bv\",\"description\":\"Focus on Quality\",\"publisher\":{\"@id\":\"https:\\\/\\\/heteyssel.be\\\/#organization\"},\"potentialAction\":[{\"@type\":\"SearchAction\",\"target\":{\"@type\":\"EntryPoint\",\"urlTemplate\":\"https:\\\/\\\/heteyssel.be\\\/?s={search_term_string}\"},\"query-input\":{\"@type\":\"PropertyValueSpecification\",\"valueRequired\":true,\"valueName\":\"search_term_string\"}}],\"inLanguage\":\"de\"},{\"@type\":\"Organization\",\"@id\":\"https:\\\/\\\/heteyssel.be\\\/#organization\",\"name\":\"Vaste Plantenkwekerij Het Eyssel bv\",\"url\":\"https:\\\/\\\/heteyssel.be\\\/\",\"logo\":{\"@type\":\"ImageObject\",\"inLanguage\":\"de\",\"@id\":\"https:\\\/\\\/heteyssel.be\\\/#\\\/schema\\\/logo\\\/image\\\/\",\"url\":\"https:\\\/\\\/heteyssel.be\\\/wp-content\\\/uploads\\\/2024\\\/07\\\/Logo-eyssel-zonder-achtergrond.png\",\"contentUrl\":\"https:\\\/\\\/heteyssel.be\\\/wp-content\\\/uploads\\\/2024\\\/07\\\/Logo-eyssel-zonder-achtergrond.png\",\"width\":1224,\"height\":521,\"caption\":\"Vaste Plantenkwekerij Het Eyssel bv\"},\"image\":{\"@id\":\"https:\\\/\\\/heteyssel.be\\\/#\\\/schema\\\/logo\\\/image\\\/\"}}]}<\/script>\n<!-- \/ Yoast SEO plugin. -->","yoast_head_json":{"title":"Groenvoorziener - Vaste Plantenkwekerij Het Eyssel bv","robots":{"index":"index","follow":"follow","max-snippet":"max-snippet:-1","max-image-preview":"max-image-preview:large","max-video-preview":"max-video-preview:-1"},"canonical":"https:\/\/heteyssel.be\/de\/greenkeeper\/","og_locale":"de_DE","og_type":"article","og_title":"Groenvoorziener - Vaste Plantenkwekerij Het Eyssel bv","og_description":"Focus on Quality Handelskwekerij Het Eyssel is er voor de groenvoorziener. Handelskwekerij Het Eyssel is er voor de groenvoorziener. Goede, snelle service en een kwalitatief product zijn van groot belang. Het Eyssel is\u00a0 hier van bewust en werken er dagelijks aan om u zo snel mogelijk van uw planten te voorzien. Vraag uw inlog aan [&hellip;]","og_url":"https:\/\/heteyssel.be\/de\/greenkeeper\/","og_site_name":"Vaste Plantenkwekerij Het Eyssel bv","article_modified_time":"2025-02-18T13:15:59+00:00","og_image":[{"url":"https:\/\/heteyssel.be\/wp-content\/uploads\/2024\/09\/macbook-subtle-turn-1030x772.png","type":"","width":"","height":""}],"twitter_card":"summary_large_image","twitter_misc":{"Gesch\u00e4tzte Lesezeit":"2\u00a0Minuten"},"schema":{"@context":"https:\/\/schema.org","@graph":[{"@type":"WebPage","@id":"https:\/\/heteyssel.be\/groenvoorziener\/","url":"https:\/\/heteyssel.be\/groenvoorziener\/","name":"Groenvoorziener - Vaste Plantenkwekerij Het Eyssel bv","isPartOf":{"@id":"https:\/\/heteyssel.be\/#website"},"primaryImageOfPage":{"@id":"https:\/\/heteyssel.be\/groenvoorziener\/#primaryimage"},"image":{"@id":"https:\/\/heteyssel.be\/groenvoorziener\/#primaryimage"},"thumbnailUrl":"https:\/\/heteyssel.be\/wp-content\/uploads\/2024\/09\/macbook-subtle-turn-1030x772.png","datePublished":"2024-09-18T09:53:52+00:00","dateModified":"2025-02-18T13:15:59+00:00","breadcrumb":{"@id":"https:\/\/heteyssel.be\/groenvoorziener\/#breadcrumb"},"inLanguage":"de","potentialAction":[{"@type":"ReadAction","target":["https:\/\/heteyssel.be\/groenvoorziener\/"]}]},{"@type":"ImageObject","inLanguage":"de","@id":"https:\/\/heteyssel.be\/groenvoorziener\/#primaryimage","url":"https:\/\/heteyssel.be\/wp-content\/uploads\/2024\/09\/macbook-subtle-turn-1030x772.png","contentUrl":"https:\/\/heteyssel.be\/wp-content\/uploads\/2024\/09\/macbook-subtle-turn-1030x772.png"},{"@type":"BreadcrumbList","@id":"https:\/\/heteyssel.be\/groenvoorziener\/#breadcrumb","itemListElement":[{"@type":"ListItem","position":1,"name":"Home","item":"https:\/\/heteyssel.be\/"},{"@type":"ListItem","position":2,"name":"Groenvoorziener"}]},{"@type":"WebSite","@id":"https:\/\/heteyssel.be\/#website","url":"https:\/\/heteyssel.be\/","name":"Vaste Plantenkwekerij Het Eyssel bv","description":"Focus on Quality","publisher":{"@id":"https:\/\/heteyssel.be\/#organization"},"potentialAction":[{"@type":"SearchAction","target":{"@type":"EntryPoint","urlTemplate":"https:\/\/heteyssel.be\/?s={search_term_string}"},"query-input":{"@type":"PropertyValueSpecification","valueRequired":true,"valueName":"search_term_string"}}],"inLanguage":"de"},{"@type":"Organization","@id":"https:\/\/heteyssel.be\/#organization","name":"Vaste Plantenkwekerij Het Eyssel bv","url":"https:\/\/heteyssel.be\/","logo":{"@type":"ImageObject","inLanguage":"de","@id":"https:\/\/heteyssel.be\/#\/schema\/logo\/image\/","url":"https:\/\/heteyssel.be\/wp-content\/uploads\/2024\/07\/Logo-eyssel-zonder-achtergrond.png","contentUrl":"https:\/\/heteyssel.be\/wp-content\/uploads\/2024\/07\/Logo-eyssel-zonder-achtergrond.png","width":1224,"height":521,"caption":"Vaste Plantenkwekerij Het Eyssel bv"},"image":{"@id":"https:\/\/heteyssel.be\/#\/schema\/logo\/image\/"}}]}},"_links":{"self":[{"href":"https:\/\/heteyssel.be\/de\/wp-json\/wp\/v2\/pages\/17333","targetHints":{"allow":["GET"]}}],"collection":[{"href":"https:\/\/heteyssel.be\/de\/wp-json\/wp\/v2\/pages"}],"about":[{"href":"https:\/\/heteyssel.be\/de\/wp-json\/wp\/v2\/types\/page"}],"author":[{"embeddable":true,"href":"https:\/\/heteyssel.be\/de\/wp-json\/wp\/v2\/users\/414"}],"replies":[{"embeddable":true,"href":"https:\/\/heteyssel.be\/de\/wp-json\/wp\/v2\/comments?post=17333"}],"version-history":[{"count":44,"href":"https:\/\/heteyssel.be\/de\/wp-json\/wp\/v2\/pages\/17333\/revisions"}],"predecessor-version":[{"id":19000,"href":"https:\/\/heteyssel.be\/de\/wp-json\/wp\/v2\/pages\/17333\/revisions\/19000"}],"wp:attachment":[{"href":"https:\/\/heteyssel.be\/de\/wp-json\/wp\/v2\/media?parent=17333"}],"curies":[{"name":"wp","href":"https:\/\/api.w.org\/{rel}","templated":true}]}}