{"id":17357,"date":"2024-09-18T14:21:09","date_gmt":"2024-09-18T12:21:09","guid":{"rendered":"https:\/\/heteyssel.be\/?page_id=17357"},"modified":"2024-11-20T07:39:24","modified_gmt":"2024-11-20T06:39:24","slug":"verkoopvoorwaarden","status":"publish","type":"page","link":"https:\/\/heteyssel.be\/de\/verkaufsbedingungen\/","title":{"rendered":"Verkaufsbedingungen"},"content":{"rendered":"<ol>\n<li>Mit der \u00dcbermittlung einer Bestellung erkl\u00e4rt sich der K\u00e4ufer mit diesen Verkaufsbedingungen einverstanden.<\/li>\n<li>Alle Angebote sind freibleibend und nur solange der Vorrat reicht.<\/li>\n<li>Die Preise sind nur f\u00fcr den Handel und das Angebot ist in P9.<\/li>\n<li>Die Preise gelten ab 24 St\u00fcck pro Sorte, ohne Mehrwertsteuer und ab G\u00e4rtnerei. Bei Abnahme kleinerer Mengen gilt der unten aufgef\u00fchrte Aufschlag. Die Preise f\u00fcr gr\u00f6\u00dfere Mengen sind auf Anfrage erh\u00e4ltlich:<br \/>\n-1 St\u00fcck Aufpreis \u20ac 0,35 pro Pflanze<br \/>\n-2-5 St\u00fcck Aufpreis \u20ac 0,25 pro Pflanze<br \/>\n-6-11 St\u00fcck Aufpreis \u20ac 0,15 pro Pflanze<br \/>\n-12-23 St\u00fcck Aufpreis \u20ac 0,05 pro Pflanze<\/li>\n<li>\u00a0Alle Preise in diesem Katalog sind lediglich Richtpreise (d.h. Preisempfehlungen), die auf der Grundlage der (fiktiven) Marktsituation zum Zeitpunkt der Erstellung des Katalogs ermittelt wurden. Der Hersteller ist in keiner Weise an diese Preise gebunden und kann jederzeit je nach Marktlage von den empfohlenen Preisen abweichen.<\/li>\n<li>Die Verpackung wird sofort bei der Beladung gewechselt oder t.w. geladen:<br \/>\n-VML: \u20ac3,25<br \/>\n-VMH: \u20ac4,00<br \/>\n-Palette: \u20ac10,00<br \/>\n-Europalette: \u20ac 13,00<br \/>\nBei frachtfreier R\u00fcckgabe werden nur ganze und saubere Kisten abz\u00fcglich 0,11 \u20ac angenommen. In der Saison genommene Kisten m\u00fcssen vor dem 1. August zur\u00fcckgegeben werden. Andernfalls werden sie in Rechnung gestellt. Werden mehr Kisten zur\u00fcckgegeben als geliefert wurden, werden 0,55 \u20ac f\u00fcr niedrige Kisten und 0,65 \u20ac f\u00fcr hohe Kisten abgezogen. Bei R\u00fcckgabe von Kisten durch den Verk\u00e4ufer beh\u00e4lt dieser das Recht auf eine Gutschrift von 0,22 \u20ac.<\/li>\n<li>Der Versand erfolgt auf Risiko des K\u00e4ufers.<\/li>\n<li>\u00a0Beanstandungen von Pflanzen werden nur innerhalb von 8 Tagen nach Lieferung akzeptiert, bei Verpackungen sind es 30 Tage nach Lieferung.<\/li>\n<li>Da die Behandlungen nicht \u00fcberwacht werden k\u00f6nnen, k\u00f6nnen wir das Nachwachsen nicht garantieren.  Die Echtheit wird garantiert. Im Falle eines Irrtums kann der K\u00e4ufer niemals eine Entsch\u00e4digung erhalten, die h\u00f6her ist als der Rechnungswert der betreffenden Pflanzen.<\/li>\n<li>\u00a0Sofern der K\u00e4ufer nichts anderes bestimmt, hat der Verk\u00e4ufer das Recht, die fehlenden Arten ohne vorherige Ank\u00fcndigung durch die besten \u00e4hnlichen Arten zu ersetzen.<\/li>\n<li>\u00a0Der Verk\u00e4ufer ist von seinen Verpflichtungen zur Lieferung von Pflanzen im Falle von Missernten, ungew\u00f6hnlichen Witterungsbedingungen oder anderen F\u00e4llen von Erbstreitigkeiten befreit. Er wird den K\u00e4ufer hiervon schriftlich in Kenntnis setzen.<\/li>\n<li>Alle Waren bleiben bis zur vollst\u00e4ndigen Bezahlung Eigentum des Verk\u00e4ufers.<\/li>\n<li>Der Verk\u00e4ufer hat das Recht, Auftr\u00e4ge nicht auszuf\u00fchren, wenn fr\u00fchere Rechnungen nicht innerhalb der vereinbarten Frist bezahlt werden.<\/li>\n<li>\u00a0Wenn die Abholung der gekauften Ware nicht zum vereinbarten Zeitpunkt erfolgt, kann der Verk\u00e4ufer vom Vertrag zur\u00fccktreten. In diesem Fall hat der K\u00e4ufer eine Entsch\u00e4digung in H\u00f6he des Auftragswerts zuz\u00fcglich einer Vertragsstrafe in H\u00f6he von 20% des Verkaufspreises gem\u00e4\u00df Artikel 1226 ff. des B\u00fcrgerlichen Gesetzbuchs zu zahlen.<\/li>\n<li>\u00a0Alle Rechnungen sind innerhalb von vierzehn Tagen ab Rechnungsdatum zahlbar, sofern nicht schriftlich etwas anderes vereinbart wurde.<\/li>\n<li>Bei Nichtzahlung innerhalb der vorgenannten Frist werden ohne Mahnung Verzugszinsen in H\u00f6he von 1% pro Verzugsmonat auf den f\u00e4lligen Betrag erhoben. Dar\u00fcber hinaus wird der Rechnungsbetrag von Rechts wegen und ohne Inverzugsetzung um einen Betrag von 15% des Rechnungsbetrags mit einem Mindestbetrag von 40,00 \u20ac als Schadensersatz und zus\u00e4tzliche Kosten erh\u00f6ht, abgesehen von eventuellen Rechtskosten und Zinsen.<\/li>\n<li>Ausl\u00e4ndische Schecks werden nicht akzeptiert.<\/li>\n<li>Im Falle von Streitigkeiten ist ausschlie\u00dflich belgisches Recht anwendbar, und es sind ausschlie\u00dflich die Gerichte des Bezirks Turnhout zust\u00e4ndig.<\/li>\n<\/ol>\n<h5><\/h5>","protected":false},"excerpt":{"rendered":"<p>Het overmaken van een bestelling sluit in dat de koper akkoord is met deze verkoopvoorwaarden. Alle aanbiedingen zijn vrijblijvend en zolang de voorraad strekt. De prijzen gelden uitsluitend voor de handel en het aanbod is in P9. De prijzen gelden vanaf 24 stuks per soort, exclusief BTW en af kwekerij. Bij afname van kleinere aantallen [&hellip;]<\/p>","protected":false},"author":414,"featured_media":0,"parent":0,"menu_order":0,"comment_status":"closed","ping_status":"closed","template":"","meta":{"site-sidebar-layout":"no-sidebar","site-content-layout":"page-builder","ast-site-content-layout":"full-width-container","site-content-style":"default","site-sidebar-style":"default","ast-global-header-display":"","ast-banner-title-visibility":"","ast-main-header-display":"","ast-hfb-above-header-display":"","ast-hfb-below-header-display":"","ast-hfb-mobile-header-display":"","site-post-title":"disabled","ast-breadcrumbs-content":"","ast-featured-img":"disabled","footer-sml-layout":"","ast-disable-related-posts":"","theme-transparent-header-meta":"default","adv-header-id-meta":"","stick-header-meta":"","header-above-stick-meta":"","header-main-stick-meta":"","header-below-stick-meta":"","astra-migrate-meta-layouts":"set","ast-page-background-enabled":"default","ast-page-background-meta":{"desktop":{"background-color":"","background-image":"","background-repeat":"repeat","background-position":"center center","background-size":"auto","background-attachment":"scroll","background-type":"","background-media":"","overlay-type":"","overlay-color":"","overlay-opacity":"","overlay-gradient":""},"tablet":{"background-color":"","background-image":"","background-repeat":"repeat","background-position":"center center","background-size":"auto","background-attachment":"scroll","background-type":"","background-media":"","overlay-type":"","overlay-color":"","overlay-opacity":"","overlay-gradient":""},"mobile":{"background-color":"","background-image":"","background-repeat":"repeat","background-position":"center center","background-size":"auto","background-attachment":"scroll","background-type":"","background-media":"","overlay-type":"","overlay-color":"","overlay-opacity":"","overlay-gradient":""}},"ast-content-background-meta":{"desktop":{"background-color":"var(--ast-global-color-5)","background-image":"","background-repeat":"repeat","background-position":"center center","background-size":"auto","background-attachment":"scroll","background-type":"","background-media":"","overlay-type":"","overlay-color":"","overlay-opacity":"","overlay-gradient":""},"tablet":{"background-color":"var(--ast-global-color-5)","background-image":"","background-repeat":"repeat","background-position":"center center","background-size":"auto","background-attachment":"scroll","background-type":"","background-media":"","overlay-type":"","overlay-color":"","overlay-opacity":"","overlay-gradient":""},"mobile":{"background-color":"var(--ast-global-color-5)","background-image":"","background-repeat":"repeat","background-position":"center center","background-size":"auto","background-attachment":"scroll","background-type":"","background-media":"","overlay-type":"","overlay-color":"","overlay-opacity":"","overlay-gradient":""}},"footnotes":""},"class_list":["post-17357","page","type-page","status-publish","hentry"],"yoast_head":"<!-- This site is optimized with the Yoast SEO plugin v27.4 - https:\/\/yoast.com\/product\/yoast-seo-wordpress\/ -->\n<title>Verkoopvoorwaarden - Vaste Plantenkwekerij Het Eyssel bv<\/title>\n<meta name=\"robots\" content=\"index, follow, max-snippet:-1, max-image-preview:large, max-video-preview:-1\" \/>\n<link rel=\"canonical\" href=\"https:\/\/heteyssel.be\/de\/verkaufsbedingungen\/\" \/>\n<meta property=\"og:locale\" content=\"de_DE\" \/>\n<meta property=\"og:type\" content=\"article\" \/>\n<meta property=\"og:title\" content=\"Verkoopvoorwaarden - Vaste Plantenkwekerij Het Eyssel bv\" \/>\n<meta property=\"og:description\" content=\"Het overmaken van een bestelling sluit in dat de koper akkoord is met deze verkoopvoorwaarden. Alle aanbiedingen zijn vrijblijvend en zolang de voorraad strekt. De prijzen gelden uitsluitend voor de handel en het aanbod is in P9. De prijzen gelden vanaf 24 stuks per soort, exclusief BTW en af kwekerij. Bij afname van kleinere aantallen [&hellip;]\" \/>\n<meta property=\"og:url\" content=\"https:\/\/heteyssel.be\/de\/verkaufsbedingungen\/\" \/>\n<meta property=\"og:site_name\" content=\"Vaste Plantenkwekerij Het Eyssel bv\" \/>\n<meta property=\"article:modified_time\" content=\"2024-11-20T06:39:24+00:00\" \/>\n<meta name=\"twitter:card\" content=\"summary_large_image\" \/>\n<meta name=\"twitter:label1\" content=\"Gesch\u00e4tzte Lesezeit\" \/>\n\t<meta name=\"twitter:data1\" content=\"3\u00a0Minuten\" \/>\n<script type=\"application\/ld+json\" class=\"yoast-schema-graph\">{\"@context\":\"https:\\\/\\\/schema.org\",\"@graph\":[{\"@type\":\"WebPage\",\"@id\":\"https:\\\/\\\/heteyssel.be\\\/verkoopvoorwaarden\\\/\",\"url\":\"https:\\\/\\\/heteyssel.be\\\/verkoopvoorwaarden\\\/\",\"name\":\"Verkoopvoorwaarden - Vaste Plantenkwekerij Het Eyssel bv\",\"isPartOf\":{\"@id\":\"https:\\\/\\\/heteyssel.be\\\/#website\"},\"datePublished\":\"2024-09-18T12:21:09+00:00\",\"dateModified\":\"2024-11-20T06:39:24+00:00\",\"breadcrumb\":{\"@id\":\"https:\\\/\\\/heteyssel.be\\\/verkoopvoorwaarden\\\/#breadcrumb\"},\"inLanguage\":\"de\",\"potentialAction\":[{\"@type\":\"ReadAction\",\"target\":[\"https:\\\/\\\/heteyssel.be\\\/verkoopvoorwaarden\\\/\"]}]},{\"@type\":\"BreadcrumbList\",\"@id\":\"https:\\\/\\\/heteyssel.be\\\/verkoopvoorwaarden\\\/#breadcrumb\",\"itemListElement\":[{\"@type\":\"ListItem\",\"position\":1,\"name\":\"Home\",\"item\":\"https:\\\/\\\/heteyssel.be\\\/\"},{\"@type\":\"ListItem\",\"position\":2,\"name\":\"Verkoopvoorwaarden\"}]},{\"@type\":\"WebSite\",\"@id\":\"https:\\\/\\\/heteyssel.be\\\/#website\",\"url\":\"https:\\\/\\\/heteyssel.be\\\/\",\"name\":\"Vaste Plantenkwekerij Het Eyssel bv\",\"description\":\"Focus on Quality\",\"publisher\":{\"@id\":\"https:\\\/\\\/heteyssel.be\\\/#organization\"},\"potentialAction\":[{\"@type\":\"SearchAction\",\"target\":{\"@type\":\"EntryPoint\",\"urlTemplate\":\"https:\\\/\\\/heteyssel.be\\\/?s={search_term_string}\"},\"query-input\":{\"@type\":\"PropertyValueSpecification\",\"valueRequired\":true,\"valueName\":\"search_term_string\"}}],\"inLanguage\":\"de\"},{\"@type\":\"Organization\",\"@id\":\"https:\\\/\\\/heteyssel.be\\\/#organization\",\"name\":\"Vaste Plantenkwekerij Het Eyssel bv\",\"url\":\"https:\\\/\\\/heteyssel.be\\\/\",\"logo\":{\"@type\":\"ImageObject\",\"inLanguage\":\"de\",\"@id\":\"https:\\\/\\\/heteyssel.be\\\/#\\\/schema\\\/logo\\\/image\\\/\",\"url\":\"https:\\\/\\\/heteyssel.be\\\/wp-content\\\/uploads\\\/2024\\\/07\\\/Logo-eyssel-zonder-achtergrond.png\",\"contentUrl\":\"https:\\\/\\\/heteyssel.be\\\/wp-content\\\/uploads\\\/2024\\\/07\\\/Logo-eyssel-zonder-achtergrond.png\",\"width\":1224,\"height\":521,\"caption\":\"Vaste Plantenkwekerij Het Eyssel bv\"},\"image\":{\"@id\":\"https:\\\/\\\/heteyssel.be\\\/#\\\/schema\\\/logo\\\/image\\\/\"}}]}<\/script>\n<!-- \/ Yoast SEO plugin. -->","yoast_head_json":{"title":"Verkoopvoorwaarden - Vaste Plantenkwekerij Het Eyssel bv","robots":{"index":"index","follow":"follow","max-snippet":"max-snippet:-1","max-image-preview":"max-image-preview:large","max-video-preview":"max-video-preview:-1"},"canonical":"https:\/\/heteyssel.be\/de\/verkaufsbedingungen\/","og_locale":"de_DE","og_type":"article","og_title":"Verkoopvoorwaarden - Vaste Plantenkwekerij Het Eyssel bv","og_description":"Het overmaken van een bestelling sluit in dat de koper akkoord is met deze verkoopvoorwaarden. Alle aanbiedingen zijn vrijblijvend en zolang de voorraad strekt. De prijzen gelden uitsluitend voor de handel en het aanbod is in P9. De prijzen gelden vanaf 24 stuks per soort, exclusief BTW en af kwekerij. Bij afname van kleinere aantallen [&hellip;]","og_url":"https:\/\/heteyssel.be\/de\/verkaufsbedingungen\/","og_site_name":"Vaste Plantenkwekerij Het Eyssel bv","article_modified_time":"2024-11-20T06:39:24+00:00","twitter_card":"summary_large_image","twitter_misc":{"Gesch\u00e4tzte Lesezeit":"3\u00a0Minuten"},"schema":{"@context":"https:\/\/schema.org","@graph":[{"@type":"WebPage","@id":"https:\/\/heteyssel.be\/verkoopvoorwaarden\/","url":"https:\/\/heteyssel.be\/verkoopvoorwaarden\/","name":"Verkoopvoorwaarden - Vaste Plantenkwekerij Het Eyssel bv","isPartOf":{"@id":"https:\/\/heteyssel.be\/#website"},"datePublished":"2024-09-18T12:21:09+00:00","dateModified":"2024-11-20T06:39:24+00:00","breadcrumb":{"@id":"https:\/\/heteyssel.be\/verkoopvoorwaarden\/#breadcrumb"},"inLanguage":"de","potentialAction":[{"@type":"ReadAction","target":["https:\/\/heteyssel.be\/verkoopvoorwaarden\/"]}]},{"@type":"BreadcrumbList","@id":"https:\/\/heteyssel.be\/verkoopvoorwaarden\/#breadcrumb","itemListElement":[{"@type":"ListItem","position":1,"name":"Home","item":"https:\/\/heteyssel.be\/"},{"@type":"ListItem","position":2,"name":"Verkoopvoorwaarden"}]},{"@type":"WebSite","@id":"https:\/\/heteyssel.be\/#website","url":"https:\/\/heteyssel.be\/","name":"Vaste Plantenkwekerij Het Eyssel bv","description":"Focus on Quality","publisher":{"@id":"https:\/\/heteyssel.be\/#organization"},"potentialAction":[{"@type":"SearchAction","target":{"@type":"EntryPoint","urlTemplate":"https:\/\/heteyssel.be\/?s={search_term_string}"},"query-input":{"@type":"PropertyValueSpecification","valueRequired":true,"valueName":"search_term_string"}}],"inLanguage":"de"},{"@type":"Organization","@id":"https:\/\/heteyssel.be\/#organization","name":"Vaste Plantenkwekerij Het Eyssel bv","url":"https:\/\/heteyssel.be\/","logo":{"@type":"ImageObject","inLanguage":"de","@id":"https:\/\/heteyssel.be\/#\/schema\/logo\/image\/","url":"https:\/\/heteyssel.be\/wp-content\/uploads\/2024\/07\/Logo-eyssel-zonder-achtergrond.png","contentUrl":"https:\/\/heteyssel.be\/wp-content\/uploads\/2024\/07\/Logo-eyssel-zonder-achtergrond.png","width":1224,"height":521,"caption":"Vaste Plantenkwekerij Het Eyssel bv"},"image":{"@id":"https:\/\/heteyssel.be\/#\/schema\/logo\/image\/"}}]}},"_links":{"self":[{"href":"https:\/\/heteyssel.be\/de\/wp-json\/wp\/v2\/pages\/17357","targetHints":{"allow":["GET"]}}],"collection":[{"href":"https:\/\/heteyssel.be\/de\/wp-json\/wp\/v2\/pages"}],"about":[{"href":"https:\/\/heteyssel.be\/de\/wp-json\/wp\/v2\/types\/page"}],"author":[{"embeddable":true,"href":"https:\/\/heteyssel.be\/de\/wp-json\/wp\/v2\/users\/414"}],"replies":[{"embeddable":true,"href":"https:\/\/heteyssel.be\/de\/wp-json\/wp\/v2\/comments?post=17357"}],"version-history":[{"count":14,"href":"https:\/\/heteyssel.be\/de\/wp-json\/wp\/v2\/pages\/17357\/revisions"}],"predecessor-version":[{"id":18987,"href":"https:\/\/heteyssel.be\/de\/wp-json\/wp\/v2\/pages\/17357\/revisions\/18987"}],"wp:attachment":[{"href":"https:\/\/heteyssel.be\/de\/wp-json\/wp\/v2\/media?parent=17357"}],"curies":[{"name":"wp","href":"https:\/\/api.w.org\/{rel}","templated":true}]}}