{"id":17361,"date":"2024-09-18T14:21:48","date_gmt":"2024-09-18T12:21:48","guid":{"rendered":"https:\/\/heteyssel.be\/?page_id=17361"},"modified":"2024-11-20T06:53:10","modified_gmt":"2024-11-20T05:53:10","slug":"transport","status":"publish","type":"page","link":"https:\/\/heteyssel.be\/de\/transportieren\/","title":{"rendered":"Transport"},"content":{"rendered":"<div data-elementor-type=\"wp-page\" data-elementor-id=\"17361\" class=\"elementor elementor-17361\" data-elementor-post-type=\"page\">\n\t\t\t\t<div class=\"elementor-element elementor-element-61183b5e e-con-full e-flex e-con e-parent\" data-id=\"61183b5e\" data-element_type=\"container\" data-e-type=\"container\" data-settings=\"{&quot;background_background&quot;:&quot;classic&quot;}\">\n\t\t<div class=\"elementor-element elementor-element-647e1648 e-flex e-con-boxed e-con e-child\" data-id=\"647e1648\" data-element_type=\"container\" data-e-type=\"container\">\n\t\t\t\t\t<div class=\"e-con-inner\">\n\t\t\t\t<div class=\"elementor-element elementor-element-471a3bd elementor-widget elementor-widget-heading\" data-id=\"471a3bd\" data-element_type=\"widget\" data-e-type=\"widget\" data-widget_type=\"heading.default\">\n\t\t\t\t<div class=\"elementor-widget-container\">\n\t\t\t\t\t<h5 class=\"elementor-heading-title elementor-size-default\">Fokus auf Qualit\u00e4t<\/h5>\t\t\t\t<\/div>\n\t\t\t\t<\/div>\n\t\t\t\t\t<\/div>\n\t\t\t\t<\/div>\n\t\t\t\t<\/div>\n\t\t<div class=\"elementor-element elementor-element-6f234a0 e-flex e-con-boxed e-con e-parent\" data-id=\"6f234a0\" data-element_type=\"container\" data-e-type=\"container\">\n\t\t\t\t\t<div class=\"e-con-inner\">\n\t\t\t\t<div class=\"elementor-element elementor-element-bfce9ff elementor-widget elementor-widget-heading\" data-id=\"bfce9ff\" data-element_type=\"widget\" data-e-type=\"widget\" data-widget_type=\"heading.default\">\n\t\t\t\t<div class=\"elementor-widget-container\">\n\t\t\t\t\t<h2 class=\"elementor-heading-title elementor-size-default\">Transport<\/h2>\t\t\t\t<\/div>\n\t\t\t\t<\/div>\n\t\t\t\t\t<\/div>\n\t\t\t\t<\/div>\n\t\t<div class=\"elementor-element elementor-element-9d7b9a1 e-flex e-con-boxed e-con e-parent\" data-id=\"9d7b9a1\" data-element_type=\"container\" data-e-type=\"container\">\n\t\t\t\t\t<div class=\"e-con-inner\">\n\t\t<div class=\"elementor-element elementor-element-07f7100 e-con-full e-flex e-con e-child\" data-id=\"07f7100\" data-element_type=\"container\" data-e-type=\"container\">\n\t\t\t\t<div class=\"elementor-element elementor-element-7d7d0cd elementor-widget elementor-widget-text-editor\" data-id=\"7d7d0cd\" data-element_type=\"widget\" data-e-type=\"widget\" data-widget_type=\"text-editor.default\">\n\t\t\t\t<div class=\"elementor-widget-container\">\n\t\t\t\t\t\t\t\t\t<p>Der Transport von Pflanzen erfordert Effizienz und Schnelligkeit. Staudeng\u00e4rtnerei und Handelsg\u00e4rtnerei kombinieren ihre eigenen Transport von externa parteners, so dass wir auch Qualit\u00e4t garantieren k\u00f6nnen.\u00a0<\/p><ul><li>T\u00e4glich eigener Transport in der Umgebung von Zundert.<\/li><li>Eigener Transport zweimal pro Woche rund um Gilze<\/li><li>Eigene Bef\u00f6rderung zweimal pro Woche Umgebung Boskoop Stibos (Feld 5)<\/li><li>Eigene Bef\u00f6rderung zweimal pro Woche im Gebiet Boskoop LCB<\/li><li>Externer Transport feste Transportpartner mit europ\u00e4ischer Abdeckung.<\/li><\/ul><p>Fragen Sie nach Optionen und Preisen.\u00a0\u00a0<\/p><p>* Die Preise f\u00fcr den eigenen und den externen Transport werden immer auf der Grundlage eines Kostenvoranschlags berechnet.\u00a0<br \/><br \/><\/p><p><br \/><br \/><br \/><\/p>\t\t\t\t\t\t\t\t<\/div>\n\t\t\t\t<\/div>\n\t\t\t\t<\/div>\n\t\t<div class=\"elementor-element elementor-element-e70691e e-con-full e-flex e-con e-child\" data-id=\"e70691e\" data-element_type=\"container\" data-e-type=\"container\">\n\t\t\t\t<div class=\"elementor-element elementor-element-474b670 elementor-widget elementor-widget-image\" data-id=\"474b670\" data-element_type=\"widget\" data-e-type=\"widget\" data-widget_type=\"image.default\">\n\t\t\t\t<div class=\"elementor-widget-container\">\n\t\t\t\t\t\t\t\t\t\t\t\t\t\t\t<img fetchpriority=\"high\" decoding=\"async\" width=\"401\" height=\"450\" src=\"https:\/\/heteyssel.be\/wp-content\/uploads\/2024\/09\/Afbeelding1.jpg\" class=\"attachment-large size-large wp-image-17287\" alt=\"\" srcset=\"https:\/\/heteyssel.be\/wp-content\/uploads\/2024\/09\/Afbeelding1.jpg 401w, https:\/\/heteyssel.be\/wp-content\/uploads\/2024\/09\/Afbeelding1-267x300.jpg 267w\" sizes=\"(max-width: 401px) 100vw, 401px\" \/>\t\t\t\t\t\t\t\t\t\t\t\t\t\t\t<\/div>\n\t\t\t\t<\/div>\n\t\t\t\t<\/div>\n\t\t\t\t\t<\/div>\n\t\t\t\t<\/div>\n\t\t\t\t<\/div>","protected":false},"excerpt":{"rendered":"<p>Fokus auf Qualit\u00e4t Transport Der Transport von Pflanzen erfordert Effizienz und Schnelligkeit. Staudeng\u00e4rtnerei und Handelsg\u00e4rtnerei kombinieren den eigenen Transport von Externen, so dass wir auch Qualit\u00e4t garantieren k\u00f6nnen. Eigener Transport jeden Tag in der Umgebung von Zundert. Eigener Transport zweimal pro Woche um Gilze Eigener Transport zweimal pro Woche um Boskoop [...]<\/p>","protected":false},"author":414,"featured_media":0,"parent":0,"menu_order":0,"comment_status":"closed","ping_status":"closed","template":"","meta":{"site-sidebar-layout":"no-sidebar","site-content-layout":"page-builder","ast-site-content-layout":"full-width-container","site-content-style":"default","site-sidebar-style":"default","ast-global-header-display":"","ast-banner-title-visibility":"","ast-main-header-display":"","ast-hfb-above-header-display":"","ast-hfb-below-header-display":"","ast-hfb-mobile-header-display":"","site-post-title":"disabled","ast-breadcrumbs-content":"","ast-featured-img":"disabled","footer-sml-layout":"","ast-disable-related-posts":"","theme-transparent-header-meta":"default","adv-header-id-meta":"","stick-header-meta":"","header-above-stick-meta":"","header-main-stick-meta":"","header-below-stick-meta":"","astra-migrate-meta-layouts":"set","ast-page-background-enabled":"default","ast-page-background-meta":{"desktop":{"background-color":"","background-image":"","background-repeat":"repeat","background-position":"center center","background-size":"auto","background-attachment":"scroll","background-type":"","background-media":"","overlay-type":"","overlay-color":"","overlay-opacity":"","overlay-gradient":""},"tablet":{"background-color":"","background-image":"","background-repeat":"repeat","background-position":"center center","background-size":"auto","background-attachment":"scroll","background-type":"","background-media":"","overlay-type":"","overlay-color":"","overlay-opacity":"","overlay-gradient":""},"mobile":{"background-color":"","background-image":"","background-repeat":"repeat","background-position":"center center","background-size":"auto","background-attachment":"scroll","background-type":"","background-media":"","overlay-type":"","overlay-color":"","overlay-opacity":"","overlay-gradient":""}},"ast-content-background-meta":{"desktop":{"background-color":"var(--ast-global-color-5)","background-image":"","background-repeat":"repeat","background-position":"center center","background-size":"auto","background-attachment":"scroll","background-type":"","background-media":"","overlay-type":"","overlay-color":"","overlay-opacity":"","overlay-gradient":""},"tablet":{"background-color":"var(--ast-global-color-5)","background-image":"","background-repeat":"repeat","background-position":"center center","background-size":"auto","background-attachment":"scroll","background-type":"","background-media":"","overlay-type":"","overlay-color":"","overlay-opacity":"","overlay-gradient":""},"mobile":{"background-color":"var(--ast-global-color-5)","background-image":"","background-repeat":"repeat","background-position":"center center","background-size":"auto","background-attachment":"scroll","background-type":"","background-media":"","overlay-type":"","overlay-color":"","overlay-opacity":"","overlay-gradient":""}},"footnotes":""},"class_list":["post-17361","page","type-page","status-publish","hentry"],"yoast_head":"<!-- This site is optimized with the Yoast SEO plugin v27.4 - https:\/\/yoast.com\/product\/yoast-seo-wordpress\/ -->\n<title>Transport - Vaste Plantenkwekerij Het Eyssel bv<\/title>\n<meta name=\"robots\" content=\"index, follow, max-snippet:-1, max-image-preview:large, max-video-preview:-1\" \/>\n<link rel=\"canonical\" href=\"https:\/\/heteyssel.be\/de\/transportieren\/\" \/>\n<meta property=\"og:locale\" content=\"de_DE\" \/>\n<meta property=\"og:type\" content=\"article\" \/>\n<meta property=\"og:title\" content=\"Transport - Vaste Plantenkwekerij Het Eyssel bv\" \/>\n<meta property=\"og:description\" content=\"Focus on Quality Transport Het transport van planten is vereist efficentie en snelheid. Vaste plantenkwekerij en Handelskwekerij kwekerij\u00a0 combineer eigen transport van externa parteners zodat we hierin ook de kwaliteit kunnen waarborgen. Eigen transport elke dag in omgeving Zundert. Eigen transport twee keer per week omgeving Gilze Eigen transport twee keer per week omgeving Boskoop [&hellip;]\" \/>\n<meta property=\"og:url\" content=\"https:\/\/heteyssel.be\/de\/transportieren\/\" \/>\n<meta property=\"og:site_name\" content=\"Vaste Plantenkwekerij Het Eyssel bv\" \/>\n<meta property=\"article:modified_time\" content=\"2024-11-20T05:53:10+00:00\" \/>\n<meta property=\"og:image\" content=\"https:\/\/heteyssel.be\/wp-content\/uploads\/2024\/09\/Afbeelding1.jpg\" \/>\n<meta name=\"twitter:card\" content=\"summary_large_image\" \/>\n<meta name=\"twitter:label1\" content=\"Gesch\u00e4tzte Lesezeit\" \/>\n\t<meta name=\"twitter:data1\" content=\"1\u00a0Minute\" \/>\n<script type=\"application\/ld+json\" class=\"yoast-schema-graph\">{\"@context\":\"https:\\\/\\\/schema.org\",\"@graph\":[{\"@type\":\"WebPage\",\"@id\":\"https:\\\/\\\/heteyssel.be\\\/transport\\\/\",\"url\":\"https:\\\/\\\/heteyssel.be\\\/transport\\\/\",\"name\":\"Transport - Vaste Plantenkwekerij Het Eyssel bv\",\"isPartOf\":{\"@id\":\"https:\\\/\\\/heteyssel.be\\\/#website\"},\"primaryImageOfPage\":{\"@id\":\"https:\\\/\\\/heteyssel.be\\\/transport\\\/#primaryimage\"},\"image\":{\"@id\":\"https:\\\/\\\/heteyssel.be\\\/transport\\\/#primaryimage\"},\"thumbnailUrl\":\"https:\\\/\\\/heteyssel.be\\\/wp-content\\\/uploads\\\/2024\\\/09\\\/Afbeelding1.jpg\",\"datePublished\":\"2024-09-18T12:21:48+00:00\",\"dateModified\":\"2024-11-20T05:53:10+00:00\",\"breadcrumb\":{\"@id\":\"https:\\\/\\\/heteyssel.be\\\/transport\\\/#breadcrumb\"},\"inLanguage\":\"de\",\"potentialAction\":[{\"@type\":\"ReadAction\",\"target\":[\"https:\\\/\\\/heteyssel.be\\\/transport\\\/\"]}]},{\"@type\":\"ImageObject\",\"inLanguage\":\"de\",\"@id\":\"https:\\\/\\\/heteyssel.be\\\/transport\\\/#primaryimage\",\"url\":\"https:\\\/\\\/heteyssel.be\\\/wp-content\\\/uploads\\\/2024\\\/09\\\/Afbeelding1.jpg\",\"contentUrl\":\"https:\\\/\\\/heteyssel.be\\\/wp-content\\\/uploads\\\/2024\\\/09\\\/Afbeelding1.jpg\"},{\"@type\":\"BreadcrumbList\",\"@id\":\"https:\\\/\\\/heteyssel.be\\\/transport\\\/#breadcrumb\",\"itemListElement\":[{\"@type\":\"ListItem\",\"position\":1,\"name\":\"Home\",\"item\":\"https:\\\/\\\/heteyssel.be\\\/\"},{\"@type\":\"ListItem\",\"position\":2,\"name\":\"Transport\"}]},{\"@type\":\"WebSite\",\"@id\":\"https:\\\/\\\/heteyssel.be\\\/#website\",\"url\":\"https:\\\/\\\/heteyssel.be\\\/\",\"name\":\"Vaste Plantenkwekerij Het Eyssel bv\",\"description\":\"Focus on Quality\",\"publisher\":{\"@id\":\"https:\\\/\\\/heteyssel.be\\\/#organization\"},\"potentialAction\":[{\"@type\":\"SearchAction\",\"target\":{\"@type\":\"EntryPoint\",\"urlTemplate\":\"https:\\\/\\\/heteyssel.be\\\/?s={search_term_string}\"},\"query-input\":{\"@type\":\"PropertyValueSpecification\",\"valueRequired\":true,\"valueName\":\"search_term_string\"}}],\"inLanguage\":\"de\"},{\"@type\":\"Organization\",\"@id\":\"https:\\\/\\\/heteyssel.be\\\/#organization\",\"name\":\"Vaste Plantenkwekerij Het Eyssel bv\",\"url\":\"https:\\\/\\\/heteyssel.be\\\/\",\"logo\":{\"@type\":\"ImageObject\",\"inLanguage\":\"de\",\"@id\":\"https:\\\/\\\/heteyssel.be\\\/#\\\/schema\\\/logo\\\/image\\\/\",\"url\":\"https:\\\/\\\/heteyssel.be\\\/wp-content\\\/uploads\\\/2024\\\/07\\\/Logo-eyssel-zonder-achtergrond.png\",\"contentUrl\":\"https:\\\/\\\/heteyssel.be\\\/wp-content\\\/uploads\\\/2024\\\/07\\\/Logo-eyssel-zonder-achtergrond.png\",\"width\":1224,\"height\":521,\"caption\":\"Vaste Plantenkwekerij Het Eyssel bv\"},\"image\":{\"@id\":\"https:\\\/\\\/heteyssel.be\\\/#\\\/schema\\\/logo\\\/image\\\/\"}}]}<\/script>\n<!-- \/ Yoast SEO plugin. -->","yoast_head_json":{"title":"Transport - Vaste Plantenkwekerij Het Eyssel bv","robots":{"index":"index","follow":"follow","max-snippet":"max-snippet:-1","max-image-preview":"max-image-preview:large","max-video-preview":"max-video-preview:-1"},"canonical":"https:\/\/heteyssel.be\/de\/transportieren\/","og_locale":"de_DE","og_type":"article","og_title":"Transport - Vaste Plantenkwekerij Het Eyssel bv","og_description":"Focus on Quality Transport Het transport van planten is vereist efficentie en snelheid. Vaste plantenkwekerij en Handelskwekerij kwekerij\u00a0 combineer eigen transport van externa parteners zodat we hierin ook de kwaliteit kunnen waarborgen. Eigen transport elke dag in omgeving Zundert. Eigen transport twee keer per week omgeving Gilze Eigen transport twee keer per week omgeving Boskoop [&hellip;]","og_url":"https:\/\/heteyssel.be\/de\/transportieren\/","og_site_name":"Vaste Plantenkwekerij Het Eyssel bv","article_modified_time":"2024-11-20T05:53:10+00:00","og_image":[{"url":"https:\/\/heteyssel.be\/wp-content\/uploads\/2024\/09\/Afbeelding1.jpg","type":"","width":"","height":""}],"twitter_card":"summary_large_image","twitter_misc":{"Gesch\u00e4tzte Lesezeit":"1\u00a0Minute"},"schema":{"@context":"https:\/\/schema.org","@graph":[{"@type":"WebPage","@id":"https:\/\/heteyssel.be\/transport\/","url":"https:\/\/heteyssel.be\/transport\/","name":"Transport - Vaste Plantenkwekerij Het Eyssel bv","isPartOf":{"@id":"https:\/\/heteyssel.be\/#website"},"primaryImageOfPage":{"@id":"https:\/\/heteyssel.be\/transport\/#primaryimage"},"image":{"@id":"https:\/\/heteyssel.be\/transport\/#primaryimage"},"thumbnailUrl":"https:\/\/heteyssel.be\/wp-content\/uploads\/2024\/09\/Afbeelding1.jpg","datePublished":"2024-09-18T12:21:48+00:00","dateModified":"2024-11-20T05:53:10+00:00","breadcrumb":{"@id":"https:\/\/heteyssel.be\/transport\/#breadcrumb"},"inLanguage":"de","potentialAction":[{"@type":"ReadAction","target":["https:\/\/heteyssel.be\/transport\/"]}]},{"@type":"ImageObject","inLanguage":"de","@id":"https:\/\/heteyssel.be\/transport\/#primaryimage","url":"https:\/\/heteyssel.be\/wp-content\/uploads\/2024\/09\/Afbeelding1.jpg","contentUrl":"https:\/\/heteyssel.be\/wp-content\/uploads\/2024\/09\/Afbeelding1.jpg"},{"@type":"BreadcrumbList","@id":"https:\/\/heteyssel.be\/transport\/#breadcrumb","itemListElement":[{"@type":"ListItem","position":1,"name":"Home","item":"https:\/\/heteyssel.be\/"},{"@type":"ListItem","position":2,"name":"Transport"}]},{"@type":"WebSite","@id":"https:\/\/heteyssel.be\/#website","url":"https:\/\/heteyssel.be\/","name":"Vaste Plantenkwekerij Het Eyssel bv","description":"Focus on Quality","publisher":{"@id":"https:\/\/heteyssel.be\/#organization"},"potentialAction":[{"@type":"SearchAction","target":{"@type":"EntryPoint","urlTemplate":"https:\/\/heteyssel.be\/?s={search_term_string}"},"query-input":{"@type":"PropertyValueSpecification","valueRequired":true,"valueName":"search_term_string"}}],"inLanguage":"de"},{"@type":"Organization","@id":"https:\/\/heteyssel.be\/#organization","name":"Vaste Plantenkwekerij Het Eyssel bv","url":"https:\/\/heteyssel.be\/","logo":{"@type":"ImageObject","inLanguage":"de","@id":"https:\/\/heteyssel.be\/#\/schema\/logo\/image\/","url":"https:\/\/heteyssel.be\/wp-content\/uploads\/2024\/07\/Logo-eyssel-zonder-achtergrond.png","contentUrl":"https:\/\/heteyssel.be\/wp-content\/uploads\/2024\/07\/Logo-eyssel-zonder-achtergrond.png","width":1224,"height":521,"caption":"Vaste Plantenkwekerij Het Eyssel bv"},"image":{"@id":"https:\/\/heteyssel.be\/#\/schema\/logo\/image\/"}}]}},"_links":{"self":[{"href":"https:\/\/heteyssel.be\/de\/wp-json\/wp\/v2\/pages\/17361","targetHints":{"allow":["GET"]}}],"collection":[{"href":"https:\/\/heteyssel.be\/de\/wp-json\/wp\/v2\/pages"}],"about":[{"href":"https:\/\/heteyssel.be\/de\/wp-json\/wp\/v2\/types\/page"}],"author":[{"embeddable":true,"href":"https:\/\/heteyssel.be\/de\/wp-json\/wp\/v2\/users\/414"}],"replies":[{"embeddable":true,"href":"https:\/\/heteyssel.be\/de\/wp-json\/wp\/v2\/comments?post=17361"}],"version-history":[{"count":11,"href":"https:\/\/heteyssel.be\/de\/wp-json\/wp\/v2\/pages\/17361\/revisions"}],"predecessor-version":[{"id":18975,"href":"https:\/\/heteyssel.be\/de\/wp-json\/wp\/v2\/pages\/17361\/revisions\/18975"}],"wp:attachment":[{"href":"https:\/\/heteyssel.be\/de\/wp-json\/wp\/v2\/media?parent=17361"}],"curies":[{"name":"wp","href":"https:\/\/api.w.org\/{rel}","templated":true}]}}