{"id":17662,"date":"2024-09-23T13:48:12","date_gmt":"2024-09-23T11:48:12","guid":{"rendered":"https:\/\/heteyssel.be\/?page_id=17662"},"modified":"2024-11-20T07:44:02","modified_gmt":"2024-11-20T06:44:02","slug":"missie-visie","status":"publish","type":"page","link":"https:\/\/heteyssel.be\/de\/leitbild\/","title":{"rendered":"Auftrag und Vision"},"content":{"rendered":"<div data-elementor-type=\"wp-page\" data-elementor-id=\"17662\" class=\"elementor elementor-17662\" data-elementor-post-type=\"page\">\n\t\t\t\t<div class=\"elementor-element elementor-element-51afcb2b e-con-full e-flex e-con e-parent\" data-id=\"51afcb2b\" data-element_type=\"container\" data-e-type=\"container\" data-settings=\"{&quot;background_background&quot;:&quot;classic&quot;}\">\n\t\t\t\t<\/div>\n\t\t<div class=\"elementor-element elementor-element-8ed94e3 e-flex e-con-boxed e-con e-parent\" data-id=\"8ed94e3\" data-element_type=\"container\" data-e-type=\"container\">\n\t\t\t\t\t<div class=\"e-con-inner\">\n\t\t\t\t<div class=\"elementor-element elementor-element-4754b48 elementor-widget elementor-widget-heading\" data-id=\"4754b48\" data-element_type=\"widget\" data-e-type=\"widget\" data-widget_type=\"heading.default\">\n\t\t\t\t<div class=\"elementor-widget-container\">\n\t\t\t\t\t<h2 class=\"elementor-heading-title elementor-size-default\">Auftrag und Vision <\/h2>\t\t\t\t<\/div>\n\t\t\t\t<\/div>\n\t\t\t\t\t<\/div>\n\t\t\t\t<\/div>\n\t\t<div class=\"elementor-element elementor-element-9ab4d69 e-flex e-con-boxed e-con e-parent\" data-id=\"9ab4d69\" data-element_type=\"container\" data-e-type=\"container\">\n\t\t\t\t\t<div class=\"e-con-inner\">\n\t\t<div class=\"elementor-element elementor-element-4350374 e-con-full e-flex e-con e-child\" data-id=\"4350374\" data-element_type=\"container\" data-e-type=\"container\">\n\t\t\t\t<div class=\"elementor-element elementor-element-8a0662f elementor-widget elementor-widget-text-editor\" data-id=\"8a0662f\" data-element_type=\"widget\" data-e-type=\"widget\" data-widget_type=\"text-editor.default\">\n\t\t\t\t<div class=\"elementor-widget-container\">\n\t\t\t\t\t\t\t\t\t<p>Eyssel bv achtet auf den famili\u00e4ren Charakter des Unternehmens und kann dank der Unterst\u00fctzung durch loyale und motivierte Mitarbeiter kurze Entscheidungswege garantieren. Wachsamkeit, der notwendige Service und Flexibilit\u00e4t, der Mut und der Wille, kontinuierlich in Kunden, Pflanzen und G\u00e4rtnerei zu investieren, machen uns stark.<\/p><p>F\u00fchrend in Qualit\u00e4t, Sicherheit, Automatisierung, Nachhaltigkeit und Umwelt ist das Ziel und der Auftrag von Het Eyssel bv. Dar\u00fcber hinaus ist dies mit einer langfristigen Vision verbunden, die aktuelle Trends ber\u00fccksichtigt.<\/p><p>Der Schwerpunkt liegt auf Qualit\u00e4t, Liefergeschwindigkeit und Kundenfreundlichkeit. Durch flexibles Reagieren auf Marktchancen und die Lieferung qualitativ hochwertiger Produkte wird kontinuierlich Wachstum angestrebt.<\/p><p>Nachhaltigkeit und Stabilit\u00e4t des Unternehmens werden nicht aus den Augen verloren. Die Gesch\u00e4ftsprozesse werden durch die Mitarbeiter kontinuierlich angepasst. In Zusammenarbeit mit Lieferanten, Auftraggebern und Kunden ist Het Eyssel bv bestrebt, ein qualitativ hochwertiges, nach MPS-Kriterien angebautes Produkt zu produzieren.<\/p>\t\t\t\t\t\t\t\t<\/div>\n\t\t\t\t<\/div>\n\t\t\t\t<\/div>\n\t\t<div class=\"elementor-element elementor-element-6d4a780 e-con-full e-flex e-con e-child\" data-id=\"6d4a780\" data-element_type=\"container\" data-e-type=\"container\">\n\t\t\t\t<div class=\"elementor-element elementor-element-9209ac5 elementor-widget elementor-widget-image\" data-id=\"9209ac5\" data-element_type=\"widget\" data-e-type=\"widget\" data-widget_type=\"image.default\">\n\t\t\t\t<div class=\"elementor-widget-container\">\n\t\t\t\t\t\t\t\t\t\t\t\t\t\t\t<img fetchpriority=\"high\" decoding=\"async\" width=\"684\" height=\"686\" src=\"https:\/\/heteyssel.be\/wp-content\/uploads\/2024\/09\/Agaphanthus.png\" class=\"attachment-large size-large wp-image-16807\" alt=\"\" srcset=\"https:\/\/heteyssel.be\/wp-content\/uploads\/2024\/09\/Agaphanthus.png 684w, https:\/\/heteyssel.be\/wp-content\/uploads\/2024\/09\/Agaphanthus-300x300.png 300w, https:\/\/heteyssel.be\/wp-content\/uploads\/2024\/09\/Agaphanthus-80x80.png 80w, https:\/\/heteyssel.be\/wp-content\/uploads\/2024\/09\/Agaphanthus-600x602.png 600w, https:\/\/heteyssel.be\/wp-content\/uploads\/2024\/09\/Agaphanthus-100x100.png 100w\" sizes=\"(max-width: 684px) 100vw, 684px\" \/>\t\t\t\t\t\t\t\t\t\t\t\t\t\t\t<\/div>\n\t\t\t\t<\/div>\n\t\t\t\t<\/div>\n\t\t\t\t\t<\/div>\n\t\t\t\t<\/div>\n\t\t\t\t<\/div>","protected":false},"excerpt":{"rendered":"<p>Mission &amp; Vision Het Eyssel bv achtet auf den famili\u00e4ren Charakter des Unternehmens und kann dank der Unterst\u00fctzung durch loyale und motivierte Mitarbeiter kurze Entscheidungswege garantieren. Wachsamkeit, Service und Flexibilit\u00e4t, der Mut und der Wille, kontinuierlich in Kunden, Pflanzen und G\u00e4rtnerei zu investieren, machen uns stark. F\u00fchrend [...]<\/p>","protected":false},"author":414,"featured_media":0,"parent":0,"menu_order":0,"comment_status":"closed","ping_status":"closed","template":"","meta":{"site-sidebar-layout":"no-sidebar","site-content-layout":"page-builder","ast-site-content-layout":"full-width-container","site-content-style":"default","site-sidebar-style":"default","ast-global-header-display":"","ast-banner-title-visibility":"","ast-main-header-display":"","ast-hfb-above-header-display":"","ast-hfb-below-header-display":"","ast-hfb-mobile-header-display":"","site-post-title":"disabled","ast-breadcrumbs-content":"","ast-featured-img":"disabled","footer-sml-layout":"","ast-disable-related-posts":"","theme-transparent-header-meta":"default","adv-header-id-meta":"","stick-header-meta":"","header-above-stick-meta":"","header-main-stick-meta":"","header-below-stick-meta":"","astra-migrate-meta-layouts":"set","ast-page-background-enabled":"default","ast-page-background-meta":{"desktop":{"background-color":"","background-image":"","background-repeat":"repeat","background-position":"center center","background-size":"auto","background-attachment":"scroll","background-type":"","background-media":"","overlay-type":"","overlay-color":"","overlay-opacity":"","overlay-gradient":""},"tablet":{"background-color":"","background-image":"","background-repeat":"repeat","background-position":"center center","background-size":"auto","background-attachment":"scroll","background-type":"","background-media":"","overlay-type":"","overlay-color":"","overlay-opacity":"","overlay-gradient":""},"mobile":{"background-color":"","background-image":"","background-repeat":"repeat","background-position":"center center","background-size":"auto","background-attachment":"scroll","background-type":"","background-media":"","overlay-type":"","overlay-color":"","overlay-opacity":"","overlay-gradient":""}},"ast-content-background-meta":{"desktop":{"background-color":"var(--ast-global-color-5)","background-image":"","background-repeat":"repeat","background-position":"center center","background-size":"auto","background-attachment":"scroll","background-type":"","background-media":"","overlay-type":"","overlay-color":"","overlay-opacity":"","overlay-gradient":""},"tablet":{"background-color":"var(--ast-global-color-5)","background-image":"","background-repeat":"repeat","background-position":"center center","background-size":"auto","background-attachment":"scroll","background-type":"","background-media":"","overlay-type":"","overlay-color":"","overlay-opacity":"","overlay-gradient":""},"mobile":{"background-color":"var(--ast-global-color-5)","background-image":"","background-repeat":"repeat","background-position":"center center","background-size":"auto","background-attachment":"scroll","background-type":"","background-media":"","overlay-type":"","overlay-color":"","overlay-opacity":"","overlay-gradient":""}},"footnotes":""},"class_list":["post-17662","page","type-page","status-publish","hentry"],"yoast_head":"<!-- This site is optimized with the Yoast SEO plugin v27.4 - https:\/\/yoast.com\/product\/yoast-seo-wordpress\/ -->\n<title>Missie &amp; Visie - Vaste Plantenkwekerij Het Eyssel bv<\/title>\n<meta name=\"robots\" content=\"index, follow, max-snippet:-1, max-image-preview:large, max-video-preview:-1\" \/>\n<link rel=\"canonical\" href=\"https:\/\/heteyssel.be\/de\/leitbild\/\" \/>\n<meta property=\"og:locale\" content=\"de_DE\" \/>\n<meta property=\"og:type\" content=\"article\" \/>\n<meta property=\"og:title\" content=\"Missie &amp; Visie - Vaste Plantenkwekerij Het Eyssel bv\" \/>\n<meta property=\"og:description\" content=\"Missie &amp; Visie Het Eyssel bv waakt over het familiaal karakter van de onderneming en kan dankzij de steun van trouw en gemotiveerd personeel korte beslissingslijnen garanderen. Door alert te blijven, de nodige service en flexibiliteit te bieden, de durf en wens om continu te investeren in klanten, planten en kwekerij maakt ons sterk. Toonaangevend [&hellip;]\" \/>\n<meta property=\"og:url\" content=\"https:\/\/heteyssel.be\/de\/leitbild\/\" \/>\n<meta property=\"og:site_name\" content=\"Vaste Plantenkwekerij Het Eyssel bv\" \/>\n<meta property=\"article:modified_time\" content=\"2024-11-20T06:44:02+00:00\" \/>\n<meta property=\"og:image\" content=\"https:\/\/heteyssel.be\/wp-content\/uploads\/2024\/09\/Agaphanthus.png\" \/>\n<meta name=\"twitter:card\" content=\"summary_large_image\" \/>\n<meta name=\"twitter:label1\" content=\"Gesch\u00e4tzte Lesezeit\" \/>\n\t<meta name=\"twitter:data1\" content=\"2\u00a0Minuten\" \/>\n<script type=\"application\/ld+json\" class=\"yoast-schema-graph\">{\"@context\":\"https:\\\/\\\/schema.org\",\"@graph\":[{\"@type\":\"WebPage\",\"@id\":\"https:\\\/\\\/heteyssel.be\\\/missie-visie\\\/\",\"url\":\"https:\\\/\\\/heteyssel.be\\\/missie-visie\\\/\",\"name\":\"Missie &amp; Visie - Vaste Plantenkwekerij Het Eyssel bv\",\"isPartOf\":{\"@id\":\"https:\\\/\\\/heteyssel.be\\\/#website\"},\"primaryImageOfPage\":{\"@id\":\"https:\\\/\\\/heteyssel.be\\\/missie-visie\\\/#primaryimage\"},\"image\":{\"@id\":\"https:\\\/\\\/heteyssel.be\\\/missie-visie\\\/#primaryimage\"},\"thumbnailUrl\":\"https:\\\/\\\/heteyssel.be\\\/wp-content\\\/uploads\\\/2024\\\/09\\\/Agaphanthus.png\",\"datePublished\":\"2024-09-23T11:48:12+00:00\",\"dateModified\":\"2024-11-20T06:44:02+00:00\",\"breadcrumb\":{\"@id\":\"https:\\\/\\\/heteyssel.be\\\/missie-visie\\\/#breadcrumb\"},\"inLanguage\":\"de\",\"potentialAction\":[{\"@type\":\"ReadAction\",\"target\":[\"https:\\\/\\\/heteyssel.be\\\/missie-visie\\\/\"]}]},{\"@type\":\"ImageObject\",\"inLanguage\":\"de\",\"@id\":\"https:\\\/\\\/heteyssel.be\\\/missie-visie\\\/#primaryimage\",\"url\":\"https:\\\/\\\/heteyssel.be\\\/wp-content\\\/uploads\\\/2024\\\/09\\\/Agaphanthus.png\",\"contentUrl\":\"https:\\\/\\\/heteyssel.be\\\/wp-content\\\/uploads\\\/2024\\\/09\\\/Agaphanthus.png\"},{\"@type\":\"BreadcrumbList\",\"@id\":\"https:\\\/\\\/heteyssel.be\\\/missie-visie\\\/#breadcrumb\",\"itemListElement\":[{\"@type\":\"ListItem\",\"position\":1,\"name\":\"Home\",\"item\":\"https:\\\/\\\/heteyssel.be\\\/\"},{\"@type\":\"ListItem\",\"position\":2,\"name\":\"Missie &amp; Visie\"}]},{\"@type\":\"WebSite\",\"@id\":\"https:\\\/\\\/heteyssel.be\\\/#website\",\"url\":\"https:\\\/\\\/heteyssel.be\\\/\",\"name\":\"Vaste Plantenkwekerij Het Eyssel bv\",\"description\":\"Focus on Quality\",\"publisher\":{\"@id\":\"https:\\\/\\\/heteyssel.be\\\/#organization\"},\"potentialAction\":[{\"@type\":\"SearchAction\",\"target\":{\"@type\":\"EntryPoint\",\"urlTemplate\":\"https:\\\/\\\/heteyssel.be\\\/?s={search_term_string}\"},\"query-input\":{\"@type\":\"PropertyValueSpecification\",\"valueRequired\":true,\"valueName\":\"search_term_string\"}}],\"inLanguage\":\"de\"},{\"@type\":\"Organization\",\"@id\":\"https:\\\/\\\/heteyssel.be\\\/#organization\",\"name\":\"Vaste Plantenkwekerij Het Eyssel bv\",\"url\":\"https:\\\/\\\/heteyssel.be\\\/\",\"logo\":{\"@type\":\"ImageObject\",\"inLanguage\":\"de\",\"@id\":\"https:\\\/\\\/heteyssel.be\\\/#\\\/schema\\\/logo\\\/image\\\/\",\"url\":\"https:\\\/\\\/heteyssel.be\\\/wp-content\\\/uploads\\\/2024\\\/07\\\/Logo-eyssel-zonder-achtergrond.png\",\"contentUrl\":\"https:\\\/\\\/heteyssel.be\\\/wp-content\\\/uploads\\\/2024\\\/07\\\/Logo-eyssel-zonder-achtergrond.png\",\"width\":1224,\"height\":521,\"caption\":\"Vaste Plantenkwekerij Het Eyssel bv\"},\"image\":{\"@id\":\"https:\\\/\\\/heteyssel.be\\\/#\\\/schema\\\/logo\\\/image\\\/\"}}]}<\/script>\n<!-- \/ Yoast SEO plugin. -->","yoast_head_json":{"title":"Missie &amp; Visie - Vaste Plantenkwekerij Het Eyssel bv","robots":{"index":"index","follow":"follow","max-snippet":"max-snippet:-1","max-image-preview":"max-image-preview:large","max-video-preview":"max-video-preview:-1"},"canonical":"https:\/\/heteyssel.be\/de\/leitbild\/","og_locale":"de_DE","og_type":"article","og_title":"Missie &amp; Visie - Vaste Plantenkwekerij Het Eyssel bv","og_description":"Missie &amp; Visie Het Eyssel bv waakt over het familiaal karakter van de onderneming en kan dankzij de steun van trouw en gemotiveerd personeel korte beslissingslijnen garanderen. Door alert te blijven, de nodige service en flexibiliteit te bieden, de durf en wens om continu te investeren in klanten, planten en kwekerij maakt ons sterk. Toonaangevend [&hellip;]","og_url":"https:\/\/heteyssel.be\/de\/leitbild\/","og_site_name":"Vaste Plantenkwekerij Het Eyssel bv","article_modified_time":"2024-11-20T06:44:02+00:00","og_image":[{"url":"https:\/\/heteyssel.be\/wp-content\/uploads\/2024\/09\/Agaphanthus.png","type":"","width":"","height":""}],"twitter_card":"summary_large_image","twitter_misc":{"Gesch\u00e4tzte Lesezeit":"2\u00a0Minuten"},"schema":{"@context":"https:\/\/schema.org","@graph":[{"@type":"WebPage","@id":"https:\/\/heteyssel.be\/missie-visie\/","url":"https:\/\/heteyssel.be\/missie-visie\/","name":"Missie &amp; Visie - Vaste Plantenkwekerij Het Eyssel bv","isPartOf":{"@id":"https:\/\/heteyssel.be\/#website"},"primaryImageOfPage":{"@id":"https:\/\/heteyssel.be\/missie-visie\/#primaryimage"},"image":{"@id":"https:\/\/heteyssel.be\/missie-visie\/#primaryimage"},"thumbnailUrl":"https:\/\/heteyssel.be\/wp-content\/uploads\/2024\/09\/Agaphanthus.png","datePublished":"2024-09-23T11:48:12+00:00","dateModified":"2024-11-20T06:44:02+00:00","breadcrumb":{"@id":"https:\/\/heteyssel.be\/missie-visie\/#breadcrumb"},"inLanguage":"de","potentialAction":[{"@type":"ReadAction","target":["https:\/\/heteyssel.be\/missie-visie\/"]}]},{"@type":"ImageObject","inLanguage":"de","@id":"https:\/\/heteyssel.be\/missie-visie\/#primaryimage","url":"https:\/\/heteyssel.be\/wp-content\/uploads\/2024\/09\/Agaphanthus.png","contentUrl":"https:\/\/heteyssel.be\/wp-content\/uploads\/2024\/09\/Agaphanthus.png"},{"@type":"BreadcrumbList","@id":"https:\/\/heteyssel.be\/missie-visie\/#breadcrumb","itemListElement":[{"@type":"ListItem","position":1,"name":"Home","item":"https:\/\/heteyssel.be\/"},{"@type":"ListItem","position":2,"name":"Missie &amp; Visie"}]},{"@type":"WebSite","@id":"https:\/\/heteyssel.be\/#website","url":"https:\/\/heteyssel.be\/","name":"Vaste Plantenkwekerij Het Eyssel bv","description":"Focus on Quality","publisher":{"@id":"https:\/\/heteyssel.be\/#organization"},"potentialAction":[{"@type":"SearchAction","target":{"@type":"EntryPoint","urlTemplate":"https:\/\/heteyssel.be\/?s={search_term_string}"},"query-input":{"@type":"PropertyValueSpecification","valueRequired":true,"valueName":"search_term_string"}}],"inLanguage":"de"},{"@type":"Organization","@id":"https:\/\/heteyssel.be\/#organization","name":"Vaste Plantenkwekerij Het Eyssel bv","url":"https:\/\/heteyssel.be\/","logo":{"@type":"ImageObject","inLanguage":"de","@id":"https:\/\/heteyssel.be\/#\/schema\/logo\/image\/","url":"https:\/\/heteyssel.be\/wp-content\/uploads\/2024\/07\/Logo-eyssel-zonder-achtergrond.png","contentUrl":"https:\/\/heteyssel.be\/wp-content\/uploads\/2024\/07\/Logo-eyssel-zonder-achtergrond.png","width":1224,"height":521,"caption":"Vaste Plantenkwekerij Het Eyssel bv"},"image":{"@id":"https:\/\/heteyssel.be\/#\/schema\/logo\/image\/"}}]}},"_links":{"self":[{"href":"https:\/\/heteyssel.be\/de\/wp-json\/wp\/v2\/pages\/17662","targetHints":{"allow":["GET"]}}],"collection":[{"href":"https:\/\/heteyssel.be\/de\/wp-json\/wp\/v2\/pages"}],"about":[{"href":"https:\/\/heteyssel.be\/de\/wp-json\/wp\/v2\/types\/page"}],"author":[{"embeddable":true,"href":"https:\/\/heteyssel.be\/de\/wp-json\/wp\/v2\/users\/414"}],"replies":[{"embeddable":true,"href":"https:\/\/heteyssel.be\/de\/wp-json\/wp\/v2\/comments?post=17662"}],"version-history":[{"count":20,"href":"https:\/\/heteyssel.be\/de\/wp-json\/wp\/v2\/pages\/17662\/revisions"}],"predecessor-version":[{"id":18994,"href":"https:\/\/heteyssel.be\/de\/wp-json\/wp\/v2\/pages\/17662\/revisions\/18994"}],"wp:attachment":[{"href":"https:\/\/heteyssel.be\/de\/wp-json\/wp\/v2\/media?parent=17662"}],"curies":[{"name":"wp","href":"https:\/\/api.w.org\/{rel}","templated":true}]}}